{"id":2822,"date":"2023-11-20T15:38:14","date_gmt":"2023-11-20T14:38:14","guid":{"rendered":"https:\/\/synergy4u.eu\/calidad\/"},"modified":"2026-01-07T11:41:09","modified_gmt":"2026-01-07T10:41:09","slug":"qualitat","status":"publish","type":"page","link":"https:\/\/synergy4u.eu\/ca\/qualitat\/","title":{"rendered":"Qualitat"},"content":{"rendered":"<section class=\"wpb-content-wrapper\"><p>[vc_row full_width=&#8221;stretch_row&#8221; canvas=&#8221;%5B%7B%22element%22%3A%22image%22%2C%22shape%22%3A%22shape-1%22%2C%22image_effect%22%3A%22style-1%22%2C%22smoothness%22%3A%2230%22%7D%5D&#8221; css=&#8221;.vc_custom_1701374609724{background-color: #f3f5fb !important;}&#8221;][vc_column]<div class=\"deeper-spacer clearfix\" data-config='{\"desktop\":60,\"mobile\":30,\"smobile\":20}'><\/div>[vc_row_inner equal_height=&#8221;yes&#8221; content_placement=&#8221;middle&#8221; column_inner_spacing=&#8221;30px&#8221;][vc_column_inner offset=&#8221;vc_col-md-6&#8243;]<div class=\"deeper-content-box clearfix ctb-523489991\" style=\"\" data-config='{\"padding\":\"0 90px 0 0\",\"mobiPadding\":\"\",\"margin\":\"\",\"mobiMargin\":\"0\",\"borderStyleHover\":\"solid\"}'>\r\n\t\t\t\t\t<div class=\"inner \" style=\"\">\r\n\t\t\t\t\t\t<div class=\"deeper-special-text style-1 align-left \" style=\"margin:0 0 40px;\"  data-inviewport=\"yes\">\r\n\t\t\t\t\t\t<div class=\"inner\">\r\n\t\t\t\t\t\t\t<h2 class=\"text \" style=\"font-size:28px;line-height:34px;padding:0 0 20px;\"><p style=\"text-align: justify;\">El nostre comprom\u00eds amb la qualitat<\/span>\n<\/h2>\r\n\t\t\t\t\t\t\t<span class=\"line  bg-accent\" style=\"width:80px;height:2px;\"><\/span>\r\n\t\t\t\t\t\t<\/div>\r\n\t\t\t\t\t<\/div><div class=\"deeper-text align-left \" style=\"font-size:18px;line-height:27px;\" ><p style=\"text-align: justify;\">La nostra \u00e0mplia cartera de serveis i solucions tecnol\u00f2giques ens permet cobrir pr\u00e0cticament qualsevol necessitat del client en l&#8217;\u00e0mbit de l&#8217;enginyeria.<\/span>\n<\/div><div class=\"deeper-spacer clearfix\" data-config='{\"desktop\":60,\"mobile\":50,\"smobile\":40}'><\/div><div class=\"url-wrap  align-left\">\r\n\t\t\t\t\t\t<a class=\"deeper-button button-accent medium\" style=\"\" href=https:\/\/synergy4u.eu\/ca\/serveis\/ title=&quot;Servicios&quot; >Serveis<\/a>\r\n\t\t\t\t\t<\/div>\r\n\t\t\t\t\t<\/div>\r\n\t\t\t\t\t\r\n\t\t\t\t<\/div>[\/vc_column_inner][vc_column_inner offset=&#8221;vc_col-md-6&#8243;]<div class=\"deeper-spacer clearfix\" data-config='{\"mobile\":30,\"smobile\":30}'><\/div><div class=\"deeper-parallax-box\"><div class=\"parallax-wrap\"><div class=\"deeper-parallax-item  has-width\" style=\"left:15.79%;margin-top:46.334%;width:22.8%;\" data-parallax='{\"x\" : 30,\"y\" : 30, \"smoothness\" : 30}' data-top=\"46.334%\"><img decoding=\"async\" class=\"parallax-image\" src=\"https:\/\/synergy4u.eu\/wp-content\/uploads\/2020\/05\/dots-blue-5x11-1.png\" alt=\"image\"><\/div><div class=\"deeper-parallax-item  has-width\" style=\"left:31.087%;margin-top:12.5%;width:64.913%;border-radius:20px;box-shadow:0 50px 70px 0 rgba(237,237,237,0.3);\" data-parallax='{\"x\" : 30,\"y\" : 0, \"smoothness\" : 30}' data-top=\"12.5%\"><img decoding=\"async\" class=\"parallax-image\" src=\"https:\/\/synergy4u.eu\/wp-content\/uploads\/2020\/05\/about-image-2.jpg\" alt=\"image\"><\/div><div class=\"deeper-parallax-item  has-width\" style=\"width:56.14%;border-radius:20px;box-shadow:0 50px 30px 0 rgba(237,237,237,0.3);\" data-parallax='{\"x\" : -30,\"y\" : 0, \"smoothness\" : 30}' data-top=\"\"><img decoding=\"async\" class=\"parallax-image\" src=\"https:\/\/synergy4u.eu\/wp-content\/uploads\/2020\/05\/about-image-1.jpg\" alt=\"image\"><\/div><\/div><\/div>[\/vc_column_inner][\/vc_row_inner]<div class=\"deeper-spacer clearfix\" data-config='{\"desktop\":100,\"mobile\":80,\"smobile\":60}'><\/div>[\/vc_column][\/vc_row][vc_row full_width=&#8221;stretch_row&#8221; canvas=&#8221;%5B%7B%22element%22%3A%22image%22%2C%22shape%22%3A%22shape-1%22%2C%22image_effect%22%3A%22style-1%22%2C%22smoothness%22%3A%2230%22%7D%5D&#8221;][vc_column]<div class=\"deeper-spacer clearfix\" data-config='{\"desktop\":100,\"mobile\":80,\"smobile\":60}'><\/div><h2 class=\"deeper-text align-center  text-has-width wow fadeInUp\" style=\"font-size:28px;line-height:34px;max-width:480px;\"  data-wow-duration=\"0.75s\" data-wow-delay=\"0.3s\"><span>Pol\u00edtica de Qualitat<\/span>\n<\/h2><div class=\"deeper-spacer clearfix\" data-config='{\"desktop\":50,\"mobile\":20,\"smobile\":10}'><\/div>[vc_row_inner][vc_column_inner width=&#8221;1\/3&#8243;][\/vc_column_inner][vc_column_inner width=&#8221;1\/3&#8243;][vc_single_image image=&#8221;2890&#8243; img_size=&#8221;full&#8221; alignment=&#8221;center&#8221; onclick=&#8221;img_link_large&#8221; img_link_target=&#8221;_blank&#8221;][\/vc_column_inner][vc_column_inner width=&#8221;1\/3&#8243;][\/vc_column_inner][\/vc_row_inner]<div class=\"deeper-spacer clearfix\" data-config='{\"desktop\":50,\"mobile\":20,\"smobile\":10}'><\/div><h2 class=\"deeper-text align-center  text-has-width wow fadeInUp\" style=\"font-size:28px;line-height:34px;max-width:480px;\"  data-wow-duration=\"0.75s\" data-wow-delay=\"0.3s\"><span>Certificacions<\/span>\n<\/h2><div class=\"deeper-spacer clearfix\" data-config='{\"desktop\":50,\"mobile\":20,\"smobile\":10}'><\/div>[vc_row_inner][vc_column_inner width=&#8221;1\/3&#8243;][vc_single_image image=&#8221;2398&#8243; img_size=&#8221;full&#8221; alignment=&#8221;center&#8221; onclick=&#8221;img_link_large&#8221; img_link_target=&#8221;_blank&#8221;][\/vc_column_inner][vc_column_inner width=&#8221;1\/3&#8243;][vc_single_image image=&#8221;2399&#8243; img_size=&#8221;full&#8221; alignment=&#8221;center&#8221; onclick=&#8221;img_link_large&#8221; img_link_target=&#8221;_blank&#8221;][\/vc_column_inner][vc_column_inner width=&#8221;1\/3&#8243;][vc_single_image image=&#8221;2400&#8243; img_size=&#8221;full&#8221; alignment=&#8221;center&#8221; onclick=&#8221;img_link_large&#8221; img_link_target=&#8221;_blank&#8221;][\/vc_column_inner][\/vc_row_inner][vc_row_inner][vc_column_inner]<div class=\"deeper-spacer clearfix\" data-config='{\"desktop\":50,\"mobile\":20,\"smobile\":10}'><\/div>[\/vc_column_inner][\/vc_row_inner][\/vc_column][\/vc_row]<\/p>\n<\/section>","protected":false},"excerpt":{"rendered":"<p>[vc_row full_width=&#8221;stretch_row&#8221; canvas=&#8221;%5B%7B%22element%22%3A%22image%22%2C%22shape%22%3A%22shape-1%22%2C%22image_effect%22%3A%22style-1%22%2C%22smoothness%22%3A%2230%22%7D%5D&#8221; css=&#8221;.vc_custom_1701374609724{background-color: #f3f5fb !important;}&#8221;][vc_column][vc_row_inner equal_height=&#8221;yes&#8221; content_placement=&#8221;middle&#8221; column_inner_spacing=&#8221;30px&#8221;][vc_column_inner offset=&#8221;vc_col-md-6&#8243;][\/vc_column_inner][vc_column_inner offset=&#8221;vc_col-md-6&#8243;][\/vc_column_inner][\/vc_row_inner][\/vc_column][\/vc_row][vc_row full_width=&#8221;stretch_row&#8221; canvas=&#8221;%5B%7B%22element%22%3A%22image%22%2C%22shape%22%3A%22shape-1%22%2C%22image_effect%22%3A%22style-1%22%2C%22smoothness%22%3A%2230%22%7D%5D&#8221;][vc_column][vc_row_inner][vc_column_inner width=&#8221;1\/3&#8243;][\/vc_column_inner][vc_column_inner width=&#8221;1\/3&#8243;][vc_single_image image=&#8221;2890&#8243; img_size=&#8221;full&#8221; alignment=&#8221;center&#8221; onclick=&#8221;img_link_large&#8221; img_link_target=&#8221;_blank&#8221;][\/vc_column_inner][vc_column_inner width=&#8221;1\/3&#8243;][\/vc_column_inner][\/vc_row_inner][vc_row_inner][vc_column_inner width=&#8221;1\/3&#8243;][vc_single_image image=&#8221;2398&#8243; img_size=&#8221;full&#8221; alignment=&#8221;center&#8221; onclick=&#8221;img_link_large&#8221; img_link_target=&#8221;_blank&#8221;][\/vc_column_inner][vc_column_inner width=&#8221;1\/3&#8243;][vc_single_image image=&#8221;2399&#8243; img_size=&#8221;full&#8221; alignment=&#8221;center&#8221; onclick=&#8221;img_link_large&#8221; img_link_target=&#8221;_blank&#8221;][\/vc_column_inner][vc_column_inner width=&#8221;1\/3&#8243;][vc_single_image image=&#8221;2400&#8243; img_size=&#8221;full&#8221; alignment=&#8221;center&#8221; onclick=&#8221;img_link_large&#8221; img_link_target=&#8221;_blank&#8221;][\/vc_column_inner][\/vc_row_inner][vc_row_inner][vc_column_inner][\/vc_column_inner][\/vc_row_inner][\/vc_column][\/vc_row]<\/p>\n","protected":false},"author":1,"featured_media":0,"parent":0,"menu_order":0,"comment_status":"closed","ping_status":"closed","template":"","meta":{"footnotes":""},"class_list":["post-2822","page","type-page","status-publish","hentry"],"aioseo_notices":[],"_links":{"self":[{"href":"https:\/\/synergy4u.eu\/ca\/wp-json\/wp\/v2\/pages\/2822","targetHints":{"allow":["GET"]}}],"collection":[{"href":"https:\/\/synergy4u.eu\/ca\/wp-json\/wp\/v2\/pages"}],"about":[{"href":"https:\/\/synergy4u.eu\/ca\/wp-json\/wp\/v2\/types\/page"}],"author":[{"embeddable":true,"href":"https:\/\/synergy4u.eu\/ca\/wp-json\/wp\/v2\/users\/1"}],"replies":[{"embeddable":true,"href":"https:\/\/synergy4u.eu\/ca\/wp-json\/wp\/v2\/comments?post=2822"}],"version-history":[{"count":5,"href":"https:\/\/synergy4u.eu\/ca\/wp-json\/wp\/v2\/pages\/2822\/revisions"}],"predecessor-version":[{"id":2895,"href":"https:\/\/synergy4u.eu\/ca\/wp-json\/wp\/v2\/pages\/2822\/revisions\/2895"}],"wp:attachment":[{"href":"https:\/\/synergy4u.eu\/ca\/wp-json\/wp\/v2\/media?parent=2822"}],"curies":[{"name":"wp","href":"https:\/\/api.w.org\/{rel}","templated":true}]}}