{"id":2820,"date":"2023-11-23T08:43:50","date_gmt":"2023-11-23T07:43:50","guid":{"rendered":"https:\/\/synergy4u.eu\/productos\/"},"modified":"2024-10-29T12:07:22","modified_gmt":"2024-10-29T11:07:22","slug":"productes","status":"publish","type":"page","link":"https:\/\/synergy4u.eu\/ca\/productes\/","title":{"rendered":"Productes"},"content":{"rendered":"<section class=\"wpb-content-wrapper\"><p>[vc_row][vc_column]<div class=\"deeper-spacer clearfix\" data-config='{\"desktop\":100,\"mobile\":80,\"smobile\":60}'><\/div><h2 class=\"deeper-text align-center  text-has-width wow fadeInUp\" style=\"font-size:28px;line-height:34px;max-width:480px;\"  data-wow-duration=\"0.75s\" data-wow-delay=\"0.3s\"><span>Coneix tots els nostres productes<\/span>\n<\/h2>[\/vc_column][\/vc_row][vc_row][vc_column]<div class=\"deeper-spacer clearfix\" data-config='{\"desktop\":80,\"mobile\":60,\"smobile\":40}'><\/div>[vc_row_inner equal_height=&#8221;yes&#8221; content_placement=&#8221;middle&#8221; column_inner_spacing=&#8221;30px&#8221;][vc_column_inner offset=&#8221;vc_col-md-6&#8243;]<div class=\"deeper-content-box clearfix ctb-1036440843\" style=\"\" data-config='{\"padding\":\"0 90px 0 0\",\"mobiPadding\":\"\",\"margin\":\"\",\"mobiMargin\":\"0\",\"borderStyleHover\":\"solid\"}'>\r\n\t\t\t\t\t<div class=\"inner \" style=\"\">\r\n\t\t\t\t\t\t<div class=\"deeper-special-text style-1 align-left \" style=\"margin:0 0 40px;\"  data-inviewport=\"yes\">\r\n\t\t\t\t\t\t<div class=\"inner\">\r\n\t\t\t\t\t\t\t<h2 class=\"text \" style=\"font-size:28px;line-height:34px;padding:0 0 20px;\"><span>Llibre de visites per a empreses<\/span>\n<\/h2>\r\n\t\t\t\t\t\t\t<span class=\"line  bg-accent\" style=\"width:80px;height:2px;\"><\/span>\r\n\t\t\t\t\t\t<\/div>\r\n\t\t\t\t\t<\/div>[vc_column_text]<\/p>\n<p style=\"text-align: justify;\">Es tracta d&#8217;un llibre de visites per a empreses. Consisteix en una tauleta amb un programari que registra les entrades i sortides dels visitants d&#8217;una empresa i, emmagatzema la informaci\u00f3 en una base de dades situada en un servidor en el n\u00favol per a la seva posterior consulta i tractament.<\/p>\n<p>El client pot accedir a aquesta informaci\u00f3 a trav\u00e9s d&#8217;una aplicaci\u00f3 web allotjada tamb\u00e9 en el n\u00favol.<\/p>\n<p>[\/vc_column_text]<div class=\"deeper-spacer clearfix\" data-config='{\"desktop\":60,\"mobile\":50,\"smobile\":40}'><\/div><div class=\"url-wrap  align-left\">\r\n\t\t\t\t\t\t<a class=\"deeper-button button-accent medium\" style=\"\" href=https:\/\/tienda.synergy4u.eu\/ca\/producto\/llibre-de-visites-empreses\/ title=&quot;Calidad&quot; >M\u00e9s informaci\u00f3<\/a>\r\n\t\t\t\t\t<\/div>\r\n\t\t\t\t\t<\/div>\r\n\t\t\t\t\t\r\n\t\t\t\t<\/div>[\/vc_column_inner][vc_column_inner offset=&#8221;vc_col-md-6&#8243;]<div class=\"deeper-spacer clearfix\" data-config='{\"mobile\":30,\"smobile\":30}'><\/div><div class=\"deeper-parallax-box\"><div class=\"parallax-wrap\"><div class=\"deeper-parallax-item  has-width\" style=\"left:15.79%;margin-top:46.334%;width:22.8%;\" data-parallax='{\"x\" : 30,\"y\" : 30, \"smoothness\" : 30}' data-top=\"46.334%\"><img decoding=\"async\" class=\"parallax-image\" src=\"https:\/\/synergy4u.eu\/wp-content\/uploads\/2020\/05\/dots-blue-5x11-1.png\" alt=\"image\"><\/div><div class=\"deeper-parallax-item  has-width\" style=\"left:31.087%;margin-top:12.5%;width:64.913%;border-radius:20px;box-shadow:0 50px 70px 0 rgba(237,237,237,0.3);\" data-parallax='{\"x\" : 30,\"y\" : 0, \"smoothness\" : 30}' data-top=\"12.5%\"><img decoding=\"async\" class=\"parallax-image\" src=\"https:\/\/synergy4u.eu\/wp-content\/uploads\/2020\/05\/about-image-2.jpg\" alt=\"image\"><\/div><div class=\"deeper-parallax-item  has-width\" style=\"width:56.14%;border-radius:20px;box-shadow:0 50px 30px 0 rgba(237,237,237,0.3);\" data-parallax='{\"x\" : -30,\"y\" : 0, \"smoothness\" : 30}' data-top=\"\"><img decoding=\"async\" class=\"parallax-image\" src=\"https:\/\/synergy4u.eu\/wp-content\/uploads\/2023\/11\/SYNERGY4u_Libro-de-visitas-para-empresas.png\" alt=\"image\"><\/div><\/div><\/div>[\/vc_column_inner][\/vc_row_inner]<div class=\"deeper-spacer clearfix\" data-config='{\"desktop\":80,\"mobile\":60,\"smobile\":40}'><\/div>[\/vc_column][\/vc_row][vc_row full_width=&#8221;stretch_row&#8221; canvas=&#8221;%5B%7B%22element%22%3A%22image%22%2C%22shape%22%3A%22shape-1%22%2C%22image_effect%22%3A%22style-1%22%2C%22smoothness%22%3A%2230%22%7D%5D&#8221; css=&#8221;.vc_custom_1700728734495{background-color: #f3f5fb !important;}&#8221;][vc_column]<div class=\"deeper-spacer clearfix\" data-config='{\"desktop\":80,\"mobile\":60,\"smobile\":40}'><\/div>[vc_row_inner equal_height=&#8221;yes&#8221; content_placement=&#8221;middle&#8221; column_inner_spacing=&#8221;30px&#8221;][vc_column_inner offset=&#8221;vc_col-md-6&#8243;]<div class=\"deeper-spacer clearfix\" data-config='{\"mobile\":30,\"smobile\":30}'><\/div><div class=\"deeper-parallax-box\"><div class=\"parallax-wrap\"><div class=\"deeper-parallax-item  has-width\" style=\"left:15.79%;margin-top:46.334%;width:22.8%;\" data-parallax='{\"x\" : 30,\"y\" : 30, \"smoothness\" : 30}' data-top=\"46.334%\"><img decoding=\"async\" class=\"parallax-image\" src=\"https:\/\/synergy4u.eu\/wp-content\/uploads\/2020\/05\/dots-blue-5x11-1.png\" alt=\"image\"><\/div><div class=\"deeper-parallax-item  has-width\" style=\"left:31.087%;margin-top:12.5%;width:64.913%;border-radius:20px;box-shadow:0 50px 70px 0 rgba(237,237,237,0.3);\" data-parallax='{\"x\" : 30,\"y\" : 0, \"smoothness\" : 30}' data-top=\"12.5%\"><img decoding=\"async\" class=\"parallax-image\" src=\"https:\/\/synergy4u.eu\/wp-content\/uploads\/2020\/05\/layered-image-3.jpg\" alt=\"image\"><\/div><div class=\"deeper-parallax-item  has-width\" style=\"width:56.14%;border-radius:20px;box-shadow:0 50px 30px 0 rgba(237,237,237,0.3);\" data-parallax='{\"x\" : -30,\"y\" : 0, \"smoothness\" : 30}' data-top=\"\"><img decoding=\"async\" class=\"parallax-image\" src=\"https:\/\/synergy4u.eu\/wp-content\/uploads\/2023\/11\/SYNERGY4U_Aplicacion-control-de-asistencia.png\" alt=\"image\"><\/div><\/div><\/div>[\/vc_column_inner][vc_column_inner offset=&#8221;vc_col-md-6&#8243;]<div class=\"deeper-content-box clearfix ctb-85170175\" style=\"\" data-config='{\"padding\":\"0\",\"mobiPadding\":\"0\",\"margin\":\"0\",\"mobiMargin\":\"0\",\"borderStyleHover\":\"solid\"}'>\r\n\t\t\t\t\t<div class=\"inner \" style=\"\">\r\n\t\t\t\t\t\t<div class=\"deeper-special-text style-1 align-left \" style=\"margin:0 0 40px;\"  data-inviewport=\"yes\">\r\n\t\t\t\t\t\t<div class=\"inner\">\r\n\t\t\t\t\t\t\t<h2 class=\"text \" style=\"font-size:28px;line-height:34px;padding:0 0 20px;\"><span>Aplicaci\u00f3 control d&#8217;assist\u00e8ncia<\/span>\n<\/h2>\r\n\t\t\t\t\t\t\t<span class=\"line  bg-accent\" style=\"width:80px;height:2px;\"><\/span>\r\n\t\t\t\t\t\t<\/div>\r\n\t\t\t\t\t<\/div>[vc_column_text]<\/p>\n<p style=\"text-align: justify;\">Aplicaci\u00f3 de control d&#8217;assist\u00e8ncia que funciona sobre Android. Permet als empleats registrar les seves entrades i sortides de manera r\u00e0pida i segura, mitjan\u00e7ant la introducci\u00f3 d&#8217;un codi personal \u00fanic. Les dades registrades poden ser exportats f\u00e0cilment en format\u00a0CSV, permetent una integraci\u00f3 senzilla amb sistemes existents de n\u00f2mina i recursos humans.<\/p>\n<p>Ideal per a negocis de totes les grand\u00e0ries. Interf\u00edcie intu\u00eftiva i f\u00e0cil d&#8217;usar.<\/p>\n<p>Oferim opcions de personalitzaci\u00f3 per a adaptar la sortida de dades a les necessitats espec\u00edfiques de cada empresa, o per a connectar-la amb altres plataformes.<\/p>\n<p>[\/vc_column_text]<div class=\"deeper-spacer clearfix\" data-config='{\"desktop\":60,\"mobile\":50,\"smobile\":40}'><\/div><div class=\"url-wrap  align-left\">\r\n\t\t\t\t\t\t<a class=\"deeper-button button-accent medium\" style=\"\" href=https:\/\/tienda.synergy4u.eu\/ca\/producto\/aplicacio-control-assistencia\/ title=&quot;Calidad&quot; >M\u00e9s informaci\u00f3<\/a>\r\n\t\t\t\t\t<\/div>\r\n\t\t\t\t\t<\/div>\r\n\t\t\t\t\t\r\n\t\t\t\t<\/div>[\/vc_column_inner][\/vc_row_inner]<div class=\"deeper-spacer clearfix\" data-config='{\"desktop\":80,\"mobile\":60,\"smobile\":40}'><\/div>[\/vc_column][\/vc_row][vc_row][vc_column]<div class=\"deeper-spacer clearfix\" data-config='{\"desktop\":80,\"mobile\":60,\"smobile\":40}'><\/div>[vc_row_inner equal_height=&#8221;yes&#8221; content_placement=&#8221;middle&#8221; column_inner_spacing=&#8221;30px&#8221;][vc_column_inner offset=&#8221;vc_col-md-6&#8243;]<div class=\"deeper-content-box clearfix ctb-312588562\" style=\"\" data-config='{\"padding\":\"0 90px 0 0\",\"mobiPadding\":\"\",\"margin\":\"\",\"mobiMargin\":\"0\",\"borderStyleHover\":\"solid\"}'>\r\n\t\t\t\t\t<div class=\"inner \" style=\"\">\r\n\t\t\t\t\t\t<div class=\"deeper-special-text style-1 align-left \" style=\"margin:0 0 40px;\"  data-inviewport=\"yes\">\r\n\t\t\t\t\t\t<div class=\"inner\">\r\n\t\t\t\t\t\t\t<h2 class=\"text \" style=\"font-size:28px;line-height:34px;padding:0 0 20px;\"><span>TimeSheet<\/span>\n<\/h2>\r\n\t\t\t\t\t\t\t<span class=\"line  bg-accent\" style=\"width:80px;height:2px;\"><\/span>\r\n\t\t\t\t\t\t<\/div>\r\n\t\t\t\t\t<\/div>[vc_column_text]<\/p>\n<p style=\"text-align: justify;\">Soluci\u00f3 integral en el n\u00favol dissenyat per a optimitzar la gesti\u00f3 empresarial. Les seves principals funcionalitats s\u00f3n:<\/p>\n<ul>\n<li style=\"text-align: justify;\"><strong>Seguiment i control de projectes<\/strong>: capturi el temps que els empleats dediquen a tasques i projectes.<\/li>\n<li style=\"text-align: justify;\"><strong>Control de pres\u00e8ncia per a empleats<\/strong>: realitzi un seguiment de l&#8217;assist\u00e8ncia dels seus empleats des de qualsevol dels seus dispositius, ja sigui des de l&#8217;app m\u00f2bil com des de l&#8217;aplicaci\u00f3 web.<\/li>\n<li style=\"text-align: justify;\"><strong>Gesti\u00f3 de recursos humans<\/strong>: el nostre m\u00f2dul de recursos humans maneja les sol\u00b7licituds dels empleats, les aprovacions dels supervisors i els c\u00e0lculs de despeses.<\/li>\n<li style=\"text-align: justify;\"><strong>M\u00f2dul de gesti\u00f3 comercial<\/strong>: gesti\u00f3 de clients, contactes, prove\u00efdors, ofertes, comandes&#8230;<\/li>\n<li style=\"text-align: justify;\"><strong>Informes<\/strong>: diversos informes predefinits en format Excel proporcionen la informaci\u00f3 que necessites.<\/li>\n<li style=\"text-align: justify;\"><strong>Facturaci\u00f3<\/strong>: registre de facturaci\u00f3, per a an\u00e0lisi de rendibilitat de projectes.<\/li>\n<\/ul>\n<p>[\/vc_column_text]<div class=\"deeper-spacer clearfix\" data-config='{\"desktop\":60,\"mobile\":50,\"smobile\":40}'><\/div><div class=\"url-wrap  align-left\">\r\n\t\t\t\t\t\t<a class=\"deeper-button button-accent medium\" style=\"\" href=https:\/\/tienda.synergy4u.eu\/ca\/producto\/timesheet-gestio-empresarial\/ title=&quot;Calidad&quot; >M\u00e9s informaci\u00f3<\/a>\r\n\t\t\t\t\t<\/div>\r\n\t\t\t\t\t<\/div>\r\n\t\t\t\t\t\r\n\t\t\t\t<\/div>[\/vc_column_inner][vc_column_inner offset=&#8221;vc_col-md-6&#8243;]<div class=\"deeper-spacer clearfix\" data-config='{\"mobile\":30,\"smobile\":30}'><\/div><div class=\"deeper-parallax-box\"><div class=\"parallax-wrap\"><div class=\"deeper-parallax-item  has-width\" style=\"left:15.79%;margin-top:46.334%;width:22.8%;\" data-parallax='{\"x\" : 30,\"y\" : 30, \"smoothness\" : 30}' data-top=\"46.334%\"><img decoding=\"async\" class=\"parallax-image\" src=\"https:\/\/synergy4u.eu\/wp-content\/uploads\/2020\/05\/dots-blue-5x11-1.png\" alt=\"image\"><\/div><div class=\"deeper-parallax-item  has-width\" style=\"left:31.087%;margin-top:12.5%;width:64.913%;border-radius:20px;box-shadow:0 50px 70px 0 rgba(237,237,237,0.3);\" data-parallax='{\"x\" : 30,\"y\" : 0, \"smoothness\" : 30}' data-top=\"12.5%\"><img decoding=\"async\" class=\"parallax-image\" src=\"https:\/\/synergy4u.eu\/wp-content\/uploads\/2020\/05\/layered-image-2.jpg\" alt=\"image\"><\/div><div class=\"deeper-parallax-item  has-width\" style=\"width:56.14%;border-radius:20px;box-shadow:0 50px 30px 0 rgba(237,237,237,0.3);\" data-parallax='{\"x\" : -30,\"y\" : 0, \"smoothness\" : 30}' data-top=\"\"><img decoding=\"async\" class=\"parallax-image\" src=\"https:\/\/synergy4u.eu\/wp-content\/uploads\/2023\/11\/SYNERGY4u_TimeSheet-1.png\" alt=\"image\"><\/div><\/div><\/div>[\/vc_column_inner][\/vc_row_inner]<div class=\"deeper-spacer clearfix\" data-config='{\"desktop\":80,\"mobile\":60,\"smobile\":40}'><\/div>[\/vc_column][\/vc_row][vc_row full_width=&#8221;stretch_row&#8221; canvas=&#8221;%5B%7B%22element%22%3A%22image%22%2C%22shape%22%3A%22shape-1%22%2C%22image_width%22%3A%22130px%22%2C%22image_post_left%22%3A%2216%25%22%2C%22image_post_bottom%22%3A%2225px%22%2C%22image_effect%22%3A%22style-1%22%2C%22parallax_atts%22%3A%22%5C%22y%5C%22%3A%20-50%22%2C%22smoothness%22%3A%2230%22%2C%22class%22%3A%22dots%22%7D%5D&#8221; css=&#8221;.vc_custom_1700728387876{background-color: #323754 !important;}&#8221;][vc_column]<div class=\"deeper-spacer clearfix\" data-config='{\"desktop\":80,\"mobile\":60,\"smobile\":40}'><\/div><div class=\"deeper-special-text style-1 align-center  wow fadeInUp\" style=\"\"  data-wow-duration=\"0.75s\" data-wow-delay=\"0.3s\" data-inviewport=\"yes\">\r\n\t\t\t\t\t\t<div class=\"inner\">\r\n\t\t\t\t\t\t\t<h2 class=\"text \" style=\"font-size:28px;line-height:34px;padding:0 0 20px;color:#ffffff;max-width:450px;\"><span>Els nostres serveis<\/span>\n<\/h2>\r\n\t\t\t\t\t\t\t<span class=\"line \" style=\"background-color:#00dadc;width:80px;\"><\/span>\r\n\t\t\t\t\t\t<\/div>\r\n\t\t\t\t\t<\/div><div class=\"deeper-spacer clearfix\" data-config='{\"desktop\":30,\"mobile\":20,\"smobile\":10}'><\/div><div class=\"deeper-text align-center \" style=\"\" ><p style=\"text-align: center;\">La nostra \u00e0mplia cartera de serveis i solucions tecnol\u00f2giques ens permet cobrir pr\u00e0cticament qualsevol necessitat del client en l&#8217;\u00e0mbit de l&#8217;enginyeria<\/span>\n<\/div><div class=\"deeper-spacer clearfix\" data-config='{\"desktop\":50,\"mobile\":20,\"smobile\":10}'><\/div><div class=\"url-wrap  align-center\">\r\n\t\t\t\t\t\t<a class=\"deeper-button button-accent medium\" style=\"\" href=https:\/\/synergy4u.eu\/ca\/serveis\/ title=&quot;Calidad&quot; >Coneix els nostres serveis<\/a>\r\n\t\t\t\t\t<\/div><div class=\"deeper-spacer clearfix\" data-config='{\"desktop\":80,\"mobile\":40,\"smobile\":20}'><\/div>[\/vc_column][\/vc_row][vc_column][\/vc_column]<\/p>\n<\/section>","protected":false},"excerpt":{"rendered":"<p>[vc_row][vc_column][\/vc_column][\/vc_row][vc_row][vc_column][vc_row_inner equal_height=&#8221;yes&#8221; content_placement=&#8221;middle&#8221; column_inner_spacing=&#8221;30px&#8221;][vc_column_inner offset=&#8221;vc_col-md-6&#8243;][\/vc_column_inner][vc_column_inner offset=&#8221;vc_col-md-6&#8243;][\/vc_column_inner][\/vc_row_inner][\/vc_column][\/vc_row][vc_row full_width=&#8221;stretch_row&#8221; canvas=&#8221;%5B%7B%22element%22%3A%22image%22%2C%22shape%22%3A%22shape-1%22%2C%22image_effect%22%3A%22style-1%22%2C%22smoothness%22%3A%2230%22%7D%5D&#8221; css=&#8221;.vc_custom_1700728734495{background-color: #f3f5fb !important;}&#8221;][vc_column][vc_row_inner equal_height=&#8221;yes&#8221; content_placement=&#8221;middle&#8221; column_inner_spacing=&#8221;30px&#8221;][vc_column_inner offset=&#8221;vc_col-md-6&#8243;][\/vc_column_inner][vc_column_inner offset=&#8221;vc_col-md-6&#8243;][\/vc_column_inner][\/vc_row_inner][\/vc_column][\/vc_row][vc_row][vc_column][vc_row_inner equal_height=&#8221;yes&#8221; content_placement=&#8221;middle&#8221; column_inner_spacing=&#8221;30px&#8221;][vc_column_inner offset=&#8221;vc_col-md-6&#8243;][\/vc_column_inner][vc_column_inner offset=&#8221;vc_col-md-6&#8243;][\/vc_column_inner][\/vc_row_inner][\/vc_column][\/vc_row][vc_row full_width=&#8221;stretch_row&#8221; canvas=&#8221;%5B%7B%22element%22%3A%22image%22%2C%22shape%22%3A%22shape-1%22%2C%22image_width%22%3A%22130px%22%2C%22image_post_left%22%3A%2216%25%22%2C%22image_post_bottom%22%3A%2225px%22%2C%22image_effect%22%3A%22style-1%22%2C%22parallax_atts%22%3A%22%5C%22y%5C%22%3A%20-50%22%2C%22smoothness%22%3A%2230%22%2C%22class%22%3A%22dots%22%7D%5D&#8221; css=&#8221;.vc_custom_1700728387876{background-color: #323754 !important;}&#8221;][vc_column][\/vc_column][\/vc_row][vc_column][\/vc_column]<\/p>\n","protected":false},"author":1,"featured_media":0,"parent":0,"menu_order":0,"comment_status":"closed","ping_status":"closed","template":"","meta":{"footnotes":""},"class_list":["post-2820","page","type-page","status-publish","hentry"],"aioseo_notices":[],"_links":{"self":[{"href":"https:\/\/synergy4u.eu\/ca\/wp-json\/wp\/v2\/pages\/2820","targetHints":{"allow":["GET"]}}],"collection":[{"href":"https:\/\/synergy4u.eu\/ca\/wp-json\/wp\/v2\/pages"}],"about":[{"href":"https:\/\/synergy4u.eu\/ca\/wp-json\/wp\/v2\/types\/page"}],"author":[{"embeddable":true,"href":"https:\/\/synergy4u.eu\/ca\/wp-json\/wp\/v2\/users\/1"}],"replies":[{"embeddable":true,"href":"https:\/\/synergy4u.eu\/ca\/wp-json\/wp\/v2\/comments?post=2820"}],"version-history":[{"count":6,"href":"https:\/\/synergy4u.eu\/ca\/wp-json\/wp\/v2\/pages\/2820\/revisions"}],"predecessor-version":[{"id":2880,"href":"https:\/\/synergy4u.eu\/ca\/wp-json\/wp\/v2\/pages\/2820\/revisions\/2880"}],"wp:attachment":[{"href":"https:\/\/synergy4u.eu\/ca\/wp-json\/wp\/v2\/media?parent=2820"}],"curies":[{"name":"wp","href":"https:\/\/api.w.org\/{rel}","templated":true}]}}