{"id":2818,"date":"2023-11-20T15:36:39","date_gmt":"2023-11-20T14:36:39","guid":{"rendered":"https:\/\/synergy4u.eu\/servicios\/"},"modified":"2023-12-01T09:05:24","modified_gmt":"2023-12-01T08:05:24","slug":"serveis","status":"publish","type":"page","link":"https:\/\/synergy4u.eu\/ca\/serveis\/","title":{"rendered":"Serveis"},"content":{"rendered":"<section class=\"wpb-content-wrapper\"><p>[vc_row full_width=&#8221;stretch_row&#8221; column_spacing=&#8221;30px&#8221; canvas=&#8221;%5B%7B%22element%22%3A%22image%22%2C%22shape%22%3A%22shape-1%22%2C%22image_effect%22%3A%22style-1%22%2C%22smoothness%22%3A%2230%22%7D%5D&#8221;][vc_column]<div class=\"deeper-spacer clearfix\" data-config='{\"desktop\":100,\"mobile\":80,\"smobile\":60}'><\/div>[vc_row_inner][vc_column_inner]<h2 class=\"deeper-text align-center \" style=\"font-size:28px;line-height:34px;\" ><span>Els nostres serveis<\/span>\n<\/h2><div class=\"deeper-text align-center \" style=\"\" ><p style=\"text-align: center;\">La nostra cartera de serveis i solucions tecnol\u00f2giques ens permet cobrir pr\u00e0cticament qualsevol necessitat del client en l&#8217;\u00e0mbit de l&#8217;enginyeria<\/span>\n<\/div><div class=\"deeper-spacer clearfix\" data-config='{\"desktop\":40,\"mobile\":40,\"smobile\":40}'><\/div>[\/vc_column_inner][\/vc_row_inner][vc_row_inner][vc_column_inner width=&#8221;1\/2&#8243;]<div class=\"list-wrap\">\n\t\t\t\t\t<ul class=\"deeper-list  \" >\n\t\t\t\t\t\t<li class=\"list-item\" style=\"padding-left:50px;margin-bottom:18px;\">\n\t\t\t\t\t\t<div class=\"deeper-icon icon-top align-left icon-font icon-1584182216 accent-color\" data-config='{\"fontSize\":\"24px\",\"lineHeight\":\"22px\"}'>\n\t\t\t\t\t\t\t<span class=\"icon-wrap\"><i class=\"fe-check-circle\"><\/i><\/span>\n\t\t\t\t\t\t<\/div>\n\t\t\t\t\t\t<div class=\"content-wrap\">\n\t\t\t\t\t\t\t<h4 class=\"title \" style=\"line-height:24px;\"> Disseny de malls el\u00e8ctrics<\/h4>\n\t\t\t\t\t\t\t\n\t\t\t\t\t\t<\/div>\n\t\t\t\t\t<\/li>\n\t\t\t\t\t<\/ul>\n\t\t\t\t<\/div>[vc_column_text css=&#8221;.vc_custom_1701417044083{margin-top: 10px !important;}&#8221;]<\/p>\n<ul>\n<li style=\"text-align: justify;\">Disseny i construcci\u00f3 de cablejat el\u00e8ctric de qualsevol tipus de vehicle o transport.<\/li>\n<li style=\"text-align: justify;\">Usem les millors eines de disseny del mercat:\u00a0CATIA,\u00a0Logical\u00a0Cable, Capital,\u2026<\/li>\n<\/ul>\n<p>[\/vc_column_text]<div class=\"deeper-spacer clearfix\" data-config='{\"desktop\":40,\"mobile\":40,\"smobile\":40}'><\/div>[\/vc_column_inner][vc_column_inner width=&#8221;1\/2&#8243;]<div class=\"list-wrap\">\n\t\t\t\t\t<ul class=\"deeper-list  \" >\n\t\t\t\t\t\t<li class=\"list-item\" style=\"padding-left:50px;margin-bottom:18px;\">\n\t\t\t\t\t\t<div class=\"deeper-icon icon-top align-left icon-font icon-2121107363 accent-color\" data-config='{\"fontSize\":\"24px\",\"lineHeight\":\"22px\"}'>\n\t\t\t\t\t\t\t<span class=\"icon-wrap\"><i class=\"fe-check-circle\"><\/i><\/span>\n\t\t\t\t\t\t<\/div>\n\t\t\t\t\t\t<div class=\"content-wrap\">\n\t\t\t\t\t\t\t<h4 class=\"title \" style=\"line-height:24px;\"> Serveis d'Enginyeria<\/h4>\n\t\t\t\t\t\t\t\n\t\t\t\t\t\t<\/div>\n\t\t\t\t\t<\/li>\n\t\t\t\t\t<\/ul>\n\t\t\t\t<\/div>[vc_column_text css=&#8221;.vc_custom_1701417062604{margin-top: 10px !important;}&#8221;]<\/p>\n<ul>\n<li style=\"text-align: justify;\">Serveis avan\u00e7ats d&#8217;enginyeria mec\u00e0nica, el\u00e8ctrica, electr\u00f2nica i inform\u00e0tica.<\/li>\n<li style=\"text-align: justify;\">Enginyeria i Disseny. Documentaci\u00f3 t\u00e8cnica. Fabricaci\u00f3 de prototips i petites s\u00e8ries.<\/li>\n<\/ul>\n<p>[\/vc_column_text]<div class=\"deeper-spacer clearfix\" data-config='{\"desktop\":40,\"mobile\":40,\"smobile\":40}'><\/div>[\/vc_column_inner][\/vc_row_inner][vc_row_inner][vc_column_inner width=&#8221;1\/2&#8243;]<div class=\"list-wrap\">\n\t\t\t\t\t<ul class=\"deeper-list  \" >\n\t\t\t\t\t\t<li class=\"list-item\" style=\"padding-left:50px;margin-bottom:18px;\">\n\t\t\t\t\t\t<div class=\"deeper-icon icon-top align-left icon-font icon-235605604 accent-color\" data-config='{\"fontSize\":\"24px\",\"lineHeight\":\"22px\"}'>\n\t\t\t\t\t\t\t<span class=\"icon-wrap\"><i class=\"fe-check-circle\"><\/i><\/span>\n\t\t\t\t\t\t<\/div>\n\t\t\t\t\t\t<div class=\"content-wrap\">\n\t\t\t\t\t\t\t<h4 class=\"title \" style=\"line-height:24px;\"> Desenvolupament d'aplicacions<\/h4>\n\t\t\t\t\t\t\t\n\t\t\t\t\t\t<\/div>\n\t\t\t\t\t<\/li>\n\t\t\t\t\t<\/ul>\n\t\t\t\t<\/div>[vc_column_text css=&#8221;.vc_custom_1701417083852{margin-top: 10px !important;}&#8221;]<\/p>\n<ul>\n<li style=\"text-align: justify;\">Aplicacions web, m\u00f2bils o d&#8217;escriptori per a tota mena de plataformes i sistemes operatius.<\/li>\n<li style=\"text-align: justify;\">Cada negoci \u00e9s diferent, per la qual cosa\u00a0Synergy\u00a04u\u00a0ofereix solucions \u00faniques, integrades en tots els processos de la seva empresa.<\/li>\n<\/ul>\n<p>[\/vc_column_text]<div class=\"deeper-spacer clearfix\" data-config='{\"desktop\":60,\"mobile\":40,\"smobile\":40}'><\/div>[\/vc_column_inner][vc_column_inner width=&#8221;1\/2&#8243;]<div class=\"list-wrap\">\n\t\t\t\t\t<ul class=\"deeper-list  \" >\n\t\t\t\t\t\t<li class=\"list-item\" style=\"padding-left:50px;margin-bottom:18px;\">\n\t\t\t\t\t\t<div class=\"deeper-icon icon-top align-left icon-font icon-1011292438 accent-color\" data-config='{\"fontSize\":\"24px\",\"lineHeight\":\"22px\"}'>\n\t\t\t\t\t\t\t<span class=\"icon-wrap\"><i class=\"fe-check-circle\"><\/i><\/span>\n\t\t\t\t\t\t<\/div>\n\t\t\t\t\t\t<div class=\"content-wrap\">\n\t\t\t\t\t\t\t<h4 class=\"title \" style=\"line-height:24px;\">Outsourcing d'Enginyeria<\/h4>\n\t\t\t\t\t\t\t\n\t\t\t\t\t\t<\/div>\n\t\t\t\t\t<\/li>\n\t\t\t\t\t<\/ul>\n\t\t\t\t<\/div>[vc_column_text css=&#8221;.vc_custom_1701417309698{margin-top: 10px !important;}&#8221;]<\/p>\n<ul>\n<li>Subcontractaci\u00f3 de personal t\u00e8cnic altament qualificat (enginyers, dissenyadors, inform\u00e0tics).<\/li>\n<li>Personal T\u00e8cnic: Oferim solucions in situ als seus projectes, nacionals o internacionals.<\/li>\n<\/ul>\n<p>[\/vc_column_text][\/vc_column_inner][\/vc_row_inner][vc_column_inner width=&#8221;1\/2&#8243;][\/vc_column_inner][vc_column_inner width=&#8221;1\/2&#8243;][\/vc_column_inner][\/vc_column][\/vc_row][vc_row full_width=&#8221;stretch_row&#8221; canvas=&#8221;%5B%7B%22element%22%3A%22image%22%2C%22shape%22%3A%22shape-1%22%2C%22image_effect%22%3A%22style-1%22%2C%22smoothness%22%3A%2230%22%7D%5D&#8221; css=&#8221;.vc_custom_1701372972718{background-color: #f3f5fb !important;}&#8221;][vc_column width=&#8221;1\/2&#8243;]<div class=\"deeper-spacer clearfix\" data-config='{\"desktop\":60,\"mobile\":40,\"smobile\":40}'><\/div><h4 class=\"deeper-text align-left \" style=\"font-size:28px;line-height:34px;\" ><span>En quins sectors treballem?<\/span>\n<\/h4><div class=\"deeper-spacer clearfix\" data-config='{\"desktop\":70,\"mobile\":70,\"smobile\":70}'><\/div>[vc_progress_bar values=&#8221;%5B%7B%22label%22%3A%22AUTOMOCI%C3%93%22%2C%22value%22%3A%2280%22%2C%22color%22%3A%22custom%22%2C%22customcolor%22%3A%22%230f66dc%22%7D%2C%7B%22label%22%3A%22FERROCARRIL%22%2C%22value%22%3A%224%22%7D%2C%7B%22label%22%3A%22ALTRES%22%2C%22value%22%3A%2216%22%7D%5D&#8221; bgcolor=&#8221;custom&#8221; custombgcolor=&#8221;#0f66dc&#8221; units=&#8221;%&#8221; customtxtcolor=&#8221;#000000&#8243;][\/vc_column][vc_column width=&#8221;1\/2&#8243;]<div class=\"deeper-spacer clearfix\" data-config='{\"desktop\":60,\"mobile\":40,\"smobile\":40}'><\/div>[vc_single_image image=&#8221;1841&#8243; img_size=&#8221;full&#8221; alignment=&#8221;right&#8221;]<div class=\"deeper-spacer clearfix\" data-config='{\"desktop\":60,\"mobile\":40,\"smobile\":40}'><\/div>[\/vc_column][\/vc_row][vc_row full_width=&#8221;stretch_row&#8221; canvas=&#8221;%5B%7B%22element%22%3A%22image%22%2C%22shape%22%3A%22shape-1%22%2C%22image_effect%22%3A%22style-1%22%2C%22smoothness%22%3A%2230%22%7D%5D&#8221;][vc_column]<div class=\"deeper-spacer clearfix\" data-config='{\"desktop\":60,\"mobile\":30,\"smobile\":20}'><\/div><h2 class=\"deeper-text align-center  text-has-width\" style=\"font-size:28px;line-height:34px;margin-bottom:40px;max-width:750px;\" ><span>Altres Serveis<\/span>\n<\/h2><div class=\"deeper-text align-center  text-has-width\" style=\"font-size:18px;max-width:640px;\" ><p style=\"text-align: center;\">A Synergy 4u oferim una \u00e0mplia gamma de serveis per a satisfer totes les necessitats dels nostres clients<\/span>\n<\/div><div class=\"deeper-spacer clearfix\" data-config='{\"desktop\":40,\"mobile\":10,\"smobile\":10}'><\/div>[\/vc_column][\/vc_row][vc_row][vc_column width=&#8221;1\/3&#8243;]<div class=\"deeper-icon-box clearfix icon-left align-left\" style=\"\" >\n\t\t\t\t\t<div class=\"deeper-icon icon-left align-left icon-font icon-1216408759 accent-color\" data-config='{\"fontSize\":\"40px\"}'>\n\t\t\t\t\t\t\t<span class=\"icon-wrap\"><i class=\"ci-layer\"><\/i><\/span>\n\t\t\t\t\t\t<\/div> <h3 class=\"heading \" style=\"padding-left:50px;font-size:18px;margin-bottom:12px;\">\n\t\t\t\t\t\t<span>Enginyeria de producte<\/span>\n\t\t\t\t\t<\/h3><div class=\"desc \" style=\"padding-left:50px;font-size:16px;line-height:27px;\"><p style=\"text-align: justify;\">Synergy\u00a04u\u00a0ofereix serveis de consultoria i d&#8217;enginyeria de producte d&#8217;alt valor afegit. Fem \u00fas dels \u00faltims avan\u00e7os en metodologies i tecnologies amb la finalitat d&#8217;ajudar als nostres clients durant totes les fases del desenvolupament dels seus productes: disseny, desenvolupament, selecci\u00f3 de materials, i transici\u00f3 des de l&#8217;etapa de prototip fins a la fabricaci\u00f3 del producte. Podem assumir la totalitat de les etapes d&#8217;aquest proc\u00e9s, o participar puntualment en alguna d&#8217;elles, en funci\u00f3 de les necessitats i desitjos del client.<\/p>\n<\/div> \n\t\t\t\t<\/div><div class=\"deeper-spacer clearfix\" data-config='{\"desktop\":60,\"mobile\":30,\"smobile\":30}'><\/div>[\/vc_column][vc_column width=&#8221;1\/3&#8243;]<div class=\"deeper-icon-box clearfix icon-left align-left\" style=\"\" >\n\t\t\t\t\t<div class=\"deeper-icon icon-left align-left icon-font icon-1730491738 accent-color\" data-config='{\"fontSize\":\"30px\"}'>\n\t\t\t\t\t\t\t<span class=\"icon-wrap\"><i class=\"ci-check-circle\"><\/i><\/span>\n\t\t\t\t\t\t<\/div> <h3 class=\"heading \" style=\"padding-left:50px;font-size:18px;margin-bottom:12px;\">\n\t\t\t\t\t\t<span>Solucions RFID<\/span>\n\t\t\t\t\t<\/h3><div class=\"desc \" style=\"padding-left:50px;font-size:16px;line-height:27px;\"><p style=\"text-align: justify;\">Oferim solucionis clau en m\u00e0 en captura autom\u00e0tica de dades i\u00a0RFID\u00a0(identificaci\u00f3 per radiofreq\u00fc\u00e8ncia).<\/p>\n<p>La tecnologia\u00a0RFID\u00a0permet una immensa gamma d&#8217;aplicacions, des del seguiment log\u00edstic dels seus productes en temps real fins al control de seguretat de les seves instal\u00b7lacions i la identificaci\u00f3 del personal.<\/p>\n<\/div> \n\t\t\t\t<\/div>[\/vc_column][vc_column width=&#8221;1\/3&#8243;]<div class=\"deeper-icon-box clearfix icon-left align-left\" style=\"\" >\n\t\t\t\t\t<div class=\"deeper-icon icon-left align-left icon-font icon-1719171881 accent-color\" data-config='{\"fontSize\":\"30px\"}'>\n\t\t\t\t\t\t\t<span class=\"icon-wrap\"><i class=\"typcn typcn-lightbulb\"><\/i><\/span>\n\t\t\t\t\t\t<\/div> <h3 class=\"heading \" style=\"padding-left:50px;font-size:18px;margin-bottom:12px;\">\n\t\t\t\t\t\t<span>Cotxe el\u00e8ctric<\/span>\n\t\t\t\t\t<\/h3><div class=\"desc \" style=\"padding-left:50px;font-size:16px;line-height:27px;\"><p style=\"text-align: justify;\">Comptem amb personal especialitzat i amb gran experi\u00e8ncia en el camp del vehicle el\u00e8ctric. Aix\u00f2 ens permet oferir els nostres serveis tamb\u00e9 en el segment de fabricaci\u00f3 de vehicles h\u00edbrids i el\u00e8ctrics.<\/p>\n<p style=\"text-align: justify;\">Podem col\u00b7laborar en els projectes de vehicle el\u00e8ctric dels nostres clients, des de la seva concepci\u00f3 i desenvolupament fins a la seva fabricaci\u00f3, documentaci\u00f3 t\u00e8cnica i reciclatge final.<\/p>\n<\/div> \n\t\t\t\t<\/div>[\/vc_column][\/vc_row]<\/p>\n<\/section>","protected":false},"excerpt":{"rendered":"<p>[vc_row full_width=&#8221;stretch_row&#8221; column_spacing=&#8221;30px&#8221; canvas=&#8221;%5B%7B%22element%22%3A%22image%22%2C%22shape%22%3A%22shape-1%22%2C%22image_effect%22%3A%22style-1%22%2C%22smoothness%22%3A%2230%22%7D%5D&#8221;][vc_column][vc_row_inner][vc_column_inner][\/vc_column_inner][\/vc_row_inner][vc_row_inner][vc_column_inner width=&#8221;1\/2&#8243;][vc_column_text css=&#8221;.vc_custom_1701417044083{margin-top: 10px !important;}&#8221;] Disseny i construcci\u00f3 de cablejat el\u00e8ctric de qualsevol tipus de vehicle o transport. Usem les millors eines de disseny del mercat:\u00a0CATIA,\u00a0Logical\u00a0Cable, Capital,\u2026 [\/vc_column_text][\/vc_column_inner][vc_column_inner width=&#8221;1\/2&#8243;][vc_column_text css=&#8221;.vc_custom_1701417062604{margin-top: 10px !important;}&#8221;] Serveis avan\u00e7ats d&#8217;enginyeria mec\u00e0nica, el\u00e8ctrica, electr\u00f2nica i inform\u00e0tica. Enginyeria i Disseny. Documentaci\u00f3 t\u00e8cnica. Fabricaci\u00f3 de prototips i petites s\u00e8ries. [\/vc_column_text][\/vc_column_inner][\/vc_row_inner][vc_row_inner][vc_column_inner width=&#8221;1\/2&#8243;][vc_column_text css=&#8221;.vc_custom_1701417083852{margin-top: 10px !important;}&#8221;] Aplicacions web,<\/p>\n","protected":false},"author":1,"featured_media":0,"parent":0,"menu_order":0,"comment_status":"closed","ping_status":"closed","template":"","meta":{"footnotes":""},"class_list":["post-2818","page","type-page","status-publish","hentry"],"aioseo_notices":[],"_links":{"self":[{"href":"https:\/\/synergy4u.eu\/ca\/wp-json\/wp\/v2\/pages\/2818","targetHints":{"allow":["GET"]}}],"collection":[{"href":"https:\/\/synergy4u.eu\/ca\/wp-json\/wp\/v2\/pages"}],"about":[{"href":"https:\/\/synergy4u.eu\/ca\/wp-json\/wp\/v2\/types\/page"}],"author":[{"embeddable":true,"href":"https:\/\/synergy4u.eu\/ca\/wp-json\/wp\/v2\/users\/1"}],"replies":[{"embeddable":true,"href":"https:\/\/synergy4u.eu\/ca\/wp-json\/wp\/v2\/comments?post=2818"}],"version-history":[{"count":6,"href":"https:\/\/synergy4u.eu\/ca\/wp-json\/wp\/v2\/pages\/2818\/revisions"}],"predecessor-version":[{"id":2828,"href":"https:\/\/synergy4u.eu\/ca\/wp-json\/wp\/v2\/pages\/2818\/revisions\/2828"}],"wp:attachment":[{"href":"https:\/\/synergy4u.eu\/ca\/wp-json\/wp\/v2\/media?parent=2818"}],"curies":[{"name":"wp","href":"https:\/\/api.w.org\/{rel}","templated":true}]}}