{"id":2712,"date":"2023-11-22T10:03:17","date_gmt":"2023-11-22T09:03:17","guid":{"rendered":"https:\/\/synergy4u.eu\/politica-de-proteccion-de-datos\/"},"modified":"2023-12-02T08:14:36","modified_gmt":"2023-12-02T07:14:36","slug":"politica-de-proteccio-de-dades","status":"publish","type":"page","link":"https:\/\/synergy4u.eu\/ca\/politica-de-proteccio-de-dades\/","title":{"rendered":"Pol\u00edtica de Protecci\u00f3 de dades"},"content":{"rendered":"<table width=\"585\">\n<tbody>\n<tr>\n<td colspan=\"2\" width=\"585\"><strong>Informaci\u00f3 b\u00e0sica sobre Protecci\u00f3 de Dades<\/strong><\/td>\n<td width=\"0\"><\/td>\n<\/tr>\n<tr>\n<td width=\"154\"><strong>Responsable<\/strong><\/td>\n<td width=\"430\">Synergy 4u S.L.<\/p>\n<p>CIF: B65905341<\/p>\n<p>Barri Can Natura, \u201cCal Sisplau\u201d, 08731 Sant Mart\u00ed Sarroca<\/td>\n<td width=\"0\"><\/td>\n<\/tr>\n<tr>\n<td width=\"154\"><strong>DPD<\/strong><\/td>\n<td width=\"430\">jose.dominguez@synergy4u.eu<\/td>\n<td width=\"0\"><\/td>\n<\/tr>\n<tr>\n<td width=\"154\"><strong>Contacte<\/strong><\/td>\n<td width=\"430\">info@synergy4u.eu<\/p>\n<p>Telf: 93 899 01 28<\/td>\n<td width=\"0\"><\/td>\n<\/tr>\n<tr>\n<td width=\"154\"><strong>Finalitat<\/strong><\/td>\n<td width=\"430\">1) Consultes i sol\u00b7licituds d&#8217;informaci\u00f3 de tercers: Donar resposta a la sol\u00b7licitud plantejada.<\/p>\n<p>2) Relaci\u00f3 amb el client: Manteniment de la relaci\u00f3 contractual establerta entre la persona titular de les dades i \u201cSynergy4u\u201d\u00a0per a la gesti\u00f3 de clients, fiscal i administrativa.<\/p>\n<p>3) Intranet: Donar acc\u00e9s als empleats a la Intranet empresarial.<\/td>\n<td width=\"0\"><\/td>\n<\/tr>\n<tr>\n<td width=\"154\"><strong>Legitimaci\u00f3<\/strong><\/td>\n<td width=\"430\">1) Consultes i sol\u00b7licituds d&#8217;informaci\u00f3 de tercers: Inter\u00e8s leg\u00edtim d&#8217;atenci\u00f3 a l&#8217;interessat.<\/p>\n<p>2) Relaci\u00f3 amb el client: Relaci\u00f3 contractual<\/p>\n<p>3) Intranet: Relaci\u00f3 contractual.<\/td>\n<td width=\"0\"><\/td>\n<\/tr>\n<tr>\n<td width=\"154\"><strong>Conservaci\u00f3<\/strong><\/td>\n<td width=\"430\">La informaci\u00f3 recaptada de la persona interessada ser\u00e0 conservada mentre sigui necess\u00e0ria per a complir amb la finalitat per a la qual van ser recaptats les dades personals, de manera que, una vegada complerta la finalitat les dades seran cancel\u00b7lades. Aquesta cancel\u00b7laci\u00f3 donar\u00e0 lloc al bloqueig de les dades conservant-se \u00fanicament a la disposici\u00f3 de les\u00a0AAPP, Jutges i Tribunals, per a atendre les possibles responsabilitats nascudes del tractament, durant el termini de prescripci\u00f3 d&#8217;aquestes, complert el citat termini es procedir\u00e0 a la destrucci\u00f3 de la informaci\u00f3. En la segona capa informativa es detallen els terminis de conservaci\u00f3 de la informaci\u00f3 en relaci\u00f3 a diferents mat\u00e8ries.<\/td>\n<td width=\"0\"><\/td>\n<\/tr>\n<tr>\n<td width=\"154\"><strong>Procedencia<\/strong><\/td>\n<td width=\"430\">1) Consultes i sol\u00b7licituds d&#8217;informaci\u00f3 de tercers: el propi interessat o el seu representant legal.<\/p>\n<p>2) Relaci\u00f3 amb el client: el propi interessat o el seu representant legal.<\/p>\n<p>3) Intranet: el propi interessat o el seu representant legal.<\/td>\n<td width=\"0\"><\/td>\n<\/tr>\n<tr>\n<td width=\"154\"><strong>Destinataris<\/strong><\/td>\n<td width=\"430\">1) Consultes i sol\u00b7licituds d&#8217;informaci\u00f3 de tercers: no es comparteixen dades personals amb tercers.<\/p>\n<p>2)Relaci\u00f3 amb el client: no es comparteixen dades personals amb tercers.<\/p>\n<p>3) Intranet: El nostre prove\u00efdor de\u00a0hosting\u00a0\u00e9s\u00a0Strato, amb els servidors situats a la UE. No es comparteixen dades personals amb uns altres tercers.<\/td>\n<td width=\"0\"><\/td>\n<\/tr>\n<tr>\n<td width=\"154\"><strong>Transferencias internacionales<\/strong><\/td>\n<td width=\"430\">No realitzem transfer\u00e8ncies internacionals amb les seves dades.<\/td>\n<td width=\"0\"><\/td>\n<\/tr>\n<tr>\n<td width=\"154\"><strong>Derechos<\/strong><\/td>\n<td width=\"430\">Acc\u00e9s, rectificaci\u00f3, oposici\u00f3, supressi\u00f3, limitaci\u00f3 del tractament i portabilitat de les dades personals, com s&#8217;explica en el corresponent apartat.<\/td>\n<td width=\"0\"><\/td>\n<\/tr>\n<tr>\n<td width=\"154\"><strong>Informaci\u00f3n adicional<\/strong><\/td>\n<td width=\"430\">Pot consultar la informaci\u00f3 addicional i detallada sobre Protecci\u00f3 de Dades en el desglossament d&#8217;apartats que li presentem a continuaci\u00f3 (segona capa informativa).<\/td>\n<td width=\"0\"><\/td>\n<\/tr>\n<\/tbody>\n<\/table>\n<p><strong>Informaci\u00f3 general<\/strong><\/p>\n<p>La present Pol\u00edtica de Privacitat t\u00e9 com a finalitat donar a con\u00e8ixer les condicions que regeixen la recollida i tractament de les seves dades personals per part de la nostra entitat per a vetllar pels drets fonamentals, el seu honor i llibertats, tot aix\u00f2 en compliment de les normatives vigents que regulen la Protecci\u00f3 de Dades personals: el Reglament 2016\/679, del Parlament Europeu i del Consell, del 27 d&#8217;abril de 2016, relatiu a la protecci\u00f3 de les persones f\u00edsiques pel que fa al tractament de dades personals i a la circulaci\u00f3 d&#8217;aquestes dades, (d&#8217;ara endavant RGPD); i la Llei org\u00e0nica 3\/2018, de 5 de desembre, de Protecci\u00f3 de Dades Personals i garantia dels drets digitals (d&#8217;ara endavant\u00a0LOPDGDD).<\/p>\n<p>De conformitat amb aquestes normatives, necessitem disposar de la seva autoritzaci\u00f3 i consentiment per a la recollida i el tractament de les seves dades personals, per la qual cosa a continuaci\u00f3, li indiquem tots els detalls del seu inter\u00e8s respecte a com realitzem aquests processos, amb quines finalitats, que altres entitats podrien tenir acc\u00e9s a les seves dades i quins s\u00f3n els seus drets.<\/p>\n<p><strong>Responsable. Qui \u00e9s el Responsable del tractament de les seves dades?<\/strong><\/p>\n<p>El Responsable del Tractament de Dades \u00e9s aquella persona f\u00edsica o jur\u00eddica, de naturalesa p\u00fablica o privada, o \u00f2rgan administratiu, que nom\u00e9s o conjuntament amb uns altres determini els fins i mitjans del tractament de dades personals.<\/p>\n<p>L&#8217;informem que\u00a0Synergy\u00a04u\u00a0S.L. (d&#8217;ara endavant \u201cSynergy4u\u201d)\u00a0\u00e9s el titular de la web synergy4u.eu,\u00a0conCIF: B65905341 i direcci\u00f3\u00a0Barri\u00a0Ca Natura, \u201cCal\u00e7\u00a0Sisplau\u201d, 08731 Sant Mart\u00ed Sarroca. Pot contactar per correu electr\u00f2nic en\u00a0info@synergy4u.eu o b\u00e9 telef\u00f2nicament al 93 899 01 28.<\/p>\n<p>Les dades personals que se sol\u00b7licitin, si \u00e9s el cas, consistiran \u00fanicament en aquells estrictament imprescindibles per a identificar i atendre la sol\u00b7licitud realitzada per la persona titular d&#8217;aquests, d&#8217;ara endavant l&#8217;interessat. Aquesta informaci\u00f3 ser\u00e0 tractada de manera lleial, l\u00edcita i transparent en relaci\u00f3 amb l&#8217;interessat. D&#8217;altra banda, les dades personals seran recollits per a finalitats determinades expl\u00edcites i leg\u00edtimes, no sent tractats ulteriorment de manera incompatible amb aquests fins.<\/p>\n<p>Les dades recollides de cada interessat seran adequats, pertinents i no excessius en relaci\u00f3 a les finalitats corresponents per a cada cas, i seran actualitzats sempre que sigui necessari.<\/p>\n<p>La persona titular de les dades ser\u00e0 informada, amb car\u00e0cter previ a la recollida de les seves dades, dels extrems generals regulats en aquesta pol\u00edtica a fi que pugui prestar el consentiment expr\u00e9s, prec\u00eds i inequ\u00edvoc per al tractament de les seves dades, si aquest fos necessari i conforme als seg\u00fcents aspectes.<\/p>\n<p><strong>Finalitat. Amb quina finalitat tractem les seves dades personals?<\/strong><\/p>\n<p>La informaci\u00f3 personal que ens faciliti a trav\u00e9s dels correus electr\u00f2nics i\/o formularis es mantindr\u00e0 confidencial i protegida. En cap cas es destinar\u00e0 o utilitzar\u00e0 per a altres fins, ni es lliurar\u00e0 a terceres persones sense el seu consentiment, d&#8217;acord amb els principis del RGPD 679\/2016 i la L.O. 3\/2018. Per a complir amb les diferents disposicions legals, hem establert diferents nivells de seguretat per a protegir les dades personals que ens facilitin, havent adoptat totes les mesures t\u00e8cniques al nostre abast per a evitar la p\u00e8rdua, mal \u00fas, alteraci\u00f3, acc\u00e9s no autoritzat i manipulaci\u00f3 d&#8217;aquestes dades personals.<\/p>\n<p>A continuaci\u00f3, li detallem els usos i finalitats previstes:<\/p>\n<p>1) Consultes i sol\u00b7licituds d&#8217;informaci\u00f3 de tercers: Donar resposta a la sol\u00b7licitud plantejada.<\/p>\n<p>2) Relaci\u00f3 amb el client: Manteniment de la relaci\u00f3 contractual establerta entre la persona titular de les dades i \u201cSynergy4u\u201d\u00a0per a la gesti\u00f3 de clients, fiscal i administrativa.<\/p>\n<p>3) Intranet: Donar acc\u00e9s als empleats a la Intranet empresarial. L&#8217;empleat tindr\u00e0 acc\u00e9s als processos administratius de l&#8217;empresa, aix\u00ed com contingut corporatiu.<\/p>\n<p><strong>Legitimaci\u00f3. Quina \u00e9s la legitimaci\u00f3 per al tractament de les seves dades?<\/strong><\/p>\n<p>La recollida i el tractament de les seves dades est\u00e0 legitimat sempre per una o diverses bases jur\u00eddiques, les quals detallem a continuaci\u00f3:<\/p>\n<p>1) Consultes i sol\u00b7licituds d&#8217;informaci\u00f3 de tercers: Inter\u00e8s leg\u00edtim d&#8217;atenci\u00f3 a l&#8217;interessat.<\/p>\n<p>2) Relaci\u00f3 amb el client: Relaci\u00f3 contractual.<\/p>\n<p>3) Intranet: Relaci\u00f3 contractual.<\/p>\n<p><strong>Conservaci\u00f3. Per quant temps conservarem les seves dades?<\/strong><\/p>\n<p>Utilitzem les seves dades durant el temps estrictament necessari per a complir les finalitats indicades anteriorment. A continuaci\u00f3, li detallem el temps que conservem les dades:<\/p>\n<p>A t\u00edtol informatiu es recullen els terminis de conservaci\u00f3 de la informaci\u00f3 en relaci\u00f3 a diferents mat\u00e8ries:<\/p>\n<table width=\"100%\">\n<tbody>\n<tr>\n<td width=\"199\">DOCUMENT<\/td>\n<td width=\"122\">TERMINI<\/td>\n<td width=\"244\">REF.\u00a0 LEGAL<\/td>\n<\/tr>\n<tr>\n<td width=\"199\">Documentaci\u00f3 de car\u00e0cter laboral o relacionada amb la seguretat social<\/td>\n<td width=\"122\">4 anys<\/td>\n<td width=\"244\">Article 21 del Reial decret legislatiu 5\/2000, de 4 d&#8217;agost, pel qual s&#8217;aprova el text ref\u00f3s de la Llei sobre Infraccions i Sancions en l&#8217;Ordre Social<\/td>\n<\/tr>\n<tr>\n<td width=\"199\">Documentaci\u00f3 comptable i fiscal a efectes mercantils<\/td>\n<td width=\"122\">6 anys<\/td>\n<td width=\"244\">Art. 30 Codi Comer\u00e7<\/td>\n<\/tr>\n<tr>\n<td width=\"199\">Documentaci\u00f3 comptable i fiscal a efectes fiscals<\/td>\n<td width=\"122\">4 anys<\/td>\n<td width=\"244\">Articles 66 a 70 Llei General Tribut\u00e0ria<\/td>\n<\/tr>\n<tr>\n<td width=\"199\">Dades per a l&#8217;enviament d&#8217;informaci\u00f3 sobre serveis<\/td>\n<td width=\"122\">Mentre l&#8217;interessat no sol\u00b7liciti la seva supressi\u00f3<\/td>\n<td width=\"244\">No aplicable<\/td>\n<\/tr>\n<tr>\n<td width=\"199\">Dades de persones que han contactat<\/td>\n<td width=\"122\">Mentre no sol\u00b7liciti la seva supressi\u00f3<\/td>\n<td width=\"244\">No aplicable<\/td>\n<\/tr>\n<\/tbody>\n<\/table>\n<p>Els curr\u00edculums\u00a0vitae\u00a0que es rebin s&#8217;emmagatzemaran durant un any, posteriorment seran destru\u00efts.<\/p>\n<p><strong>Proced\u00e8ncia. Com hem obtingut les seves dades?<\/strong><\/p>\n<p>Visitar la web de \u201cSynergy4u\u201d\u00a0no suposa que l&#8217;usuari estigui obligat a facilitar cap informaci\u00f3 sobre si mateix.<\/p>\n<p>\u201cSynergy4u\u201d\u00a0prohibeix expressament que els menors de divuit anys facilitin Dades Personals sense el consentiment previ dels seus pares o tutors.<\/p>\n<p>A continuaci\u00f3, li indiquem la proced\u00e8ncia de les dades:<\/p>\n<p>1) Consultes i sol\u00b7licituds d&#8217;informaci\u00f3 de tercers: el propi interessat o el seu representant legal.<\/p>\n<p>2) Relaci\u00f3 amb el client: el propi interessat o el seu representant legal.<\/p>\n<p>3) Intranet: el propi interessat o el seu representant legal. En el formulari d&#8217;acc\u00e9s a la Intranet se sol\u00b7licitar\u00e0 el seu usuari i contrasenya.<\/p>\n<p><strong>Mesures de seguretat. Qu\u00e8 fem per a protegir les seves dades?<\/strong><\/p>\n<p>\u201cSynergy4u\u201d\u00a0adopta les mesures organitzatives i t\u00e8cniques necess\u00e0ries per a garantir la seguretat i la privacitat de les seves dades, evitar la seva alteraci\u00f3, p\u00e8rdua, tractament o acc\u00e9s no autoritzat, depenent de l&#8217;estat de la tecnologia, la naturalesa de les dades emmagatzemades i els riscos al fet que estan exposats.<\/p>\n<p>Entre altres, destaquen les seg\u00fcents mesures:<\/p>\n<ul>\n<li>Garantir la confidencialitat, integritat, disponibilitat i resili\u00e8ncia permanents dels sistemes i serveis de tractament.<\/li>\n<li>Restaurar la disponibilitat i l&#8217;acc\u00e9s a les dades personals de manera r\u00e0pida, en cas d&#8217;incident f\u00edsic o t\u00e8cnic.<\/li>\n<li>Verificar, avaluar i valorar, de manera regular, l&#8217;efic\u00e0cia de les mesures t\u00e8cniques i organitzatives implementades per a garantir la seguretat del tractament.<\/li>\n<li>Seudonimizar i xifrar les dades personals, en cas que es tracti de dades sensibles.<\/li>\n<\/ul>\n<p><strong>Destinataris. A quins destinataris es comunicaran les seves dades?<\/strong><\/p>\n<p>Aquestes dades seran tractades per \u201cSynergy4u\u201d. Compartim les seves dades amb prestadors de serveis que ens ajuden o donen suport (encarregats del tractament), amb els quals s&#8217;ha celebrat el preceptiu contracte en els termes de l&#8217;article 28 del RGPD. \u00a0En resum:<\/p>\n<p>1) Consultes i sol\u00b7licituds d&#8217;informaci\u00f3 de tercers: No es comparteixen dades personals amb tercers.<\/p>\n<p>2) Relaci\u00f3 amb el client: No es comparteixen dades personals amb tercers.<\/p>\n<p>3) Intranet: El nostre prove\u00efdor de\u00a0hosting\u00a0\u00e9s\u00a0Strato, amb els servidors situats a la UE. No es comparteixen dades personals amb uns altres tercers.<\/p>\n<p>Les dades del nostre prove\u00efdor de\u00a0hosting:<\/p>\n<p>STRATO AG<\/p>\n<p>Seu social<\/p>\n<p>(Societat An\u00f2nima): Otto-Ostrowski-Stra\u00dfe 7<\/p>\n<p>10249 Berlin<\/p>\n<p>Registre: Berl\u00edn Charlottenburg HRB 79450<\/p>\n<p>N.I.F.: DE 211 045 709<\/p>\n<p>Pots trobar m\u00e9s informaci\u00f3 a: https:\/\/www.strato.es\/proteccion-de-datos\/<\/p>\n<p>No realitzem transfer\u00e8ncies internacionals amb les seves dades personals.<\/p>\n<p><strong>Drets. Quins s\u00f3n els seus drets quan ens facilita les seves dades?<\/strong><\/p>\n<p>La normativa vigent de protecci\u00f3 de dades li empara en una s\u00e8rie de drets en relaci\u00f3 amb l&#8217;\u00fas que li donem a les seves dades personals. Tots i cadascun dels seus drets s\u00f3n unipersonals i intransferibles, \u00e9s a dir, que \u00fanicament poden ser exercits pel titular de les dades, pr\u00e8via comprovaci\u00f3 de la seva identitat.<\/p>\n<p>A continuaci\u00f3, li indiquem quals s\u00f3n els drets que li assisteixen:<\/p>\n<ul>\n<li>Sol\u00b7licitar l&#8217;acc\u00e9s a les seves dades personals<\/li>\n<li>Sol\u00b7licitar la rectificaci\u00f3 de les seves dades<\/li>\n<li>Sol\u00b7licitar la supressi\u00f3 o eliminaci\u00f3 de les seves dades (dret al \u00aboblit\u00bb)<\/li>\n<li>Limitar o oposar-se a l&#8217;\u00fas que li donem a les seves dades<\/li>\n<li>Dret a la portabilitat de les seves dades per a casos de serveis de telecomunicacions o internet.<\/li>\n<li>Dret a retirar el seu consentiment en qualsevol moment<\/li>\n<li>Dret a presentar una reclamaci\u00f3 en mat\u00e8ria de protecci\u00f3 de dades davant l&#8217;Autoritat de Control: Ag\u00e8ncia Espanyola de Protecci\u00f3 de Dades<\/li>\n<\/ul>\n<p>Com pot exercir els seus drets?<\/p>\n<p>Per a l&#8217;exercici dels seus drets d&#8217;acc\u00e9s, rectificaci\u00f3, supressi\u00f3, limitaci\u00f3 o oposici\u00f3, portabilitat i retirada del seu consentiment, pot fer-ho de la seg\u00fcent forma:<\/p>\n<p>Presencialment o per correu electr\u00f2nic en:<\/p>\n<p>Synergy 4u S.L.<\/p>\n<p>CIF: B65905341<\/p>\n<p>info@synergy4u.eu<\/p>\n<p>DPD: jose.dominguez@synergy4u.eu<\/p>\n<p>A m\u00e9s dels drets que li assisteixen, si creu que les seves dades no s&#8217;estan recaptant o tractant conforme a la normativa vigent de Protecci\u00f3 de Dades, vost\u00e8 podr\u00e0 realitzar una reclamaci\u00f3 davant l&#8217;Autoritat de Control, les dades de contacte del qual indiquem a continuaci\u00f3:<\/p>\n<p>Ag\u00e8ncia Espanyola de Protecci\u00f3 de Dades<\/p>\n<p>C\/ Jorge Juan, 6. 28001, Madrid.<\/p>\n<p>Email: info@agpd.es<\/p>\n<p>Tel\u00e8fon: 912663517<\/p>\n<p>Web: https:\/\/www.agpd.es<\/p>\n<p><strong>Consentiment i acceptaci\u00f3<\/strong><\/p>\n<p>L&#8217;acceptaci\u00f3 del present document indica que vost\u00e8 ent\u00e9n i accepta totes les cl\u00e0usules de la nostra pol\u00edtica de privacitat pel que autoritza la recollida i el tractament de les seves dades personals en aquests termes. L&#8217;usuari que faciliti dades personals trav\u00e9s del correu electr\u00f2nic de \u201cSynergy4u\u201d, est\u00e0 proporcionant volunt\u00e0riament dades de car\u00e0cter personal.<\/p>\n","protected":false},"excerpt":{"rendered":"<p>Informaci\u00f3 b\u00e0sica sobre Protecci\u00f3 de Dades Responsable Synergy 4u S.L. CIF: B65905341 Barri Can Natura, \u201cCal Sisplau\u201d, 08731 Sant Mart\u00ed Sarroca DPD jose.dominguez@synergy4u.eu Contacte info@synergy4u.eu Telf: 93 899 01 28 Finalitat 1) Consultes i sol\u00b7licituds d&#8217;informaci\u00f3 de tercers: Donar resposta a la sol\u00b7licitud plantejada. 2) Relaci\u00f3 amb el client: Manteniment de la relaci\u00f3 contractual establerta entre la persona titular de les<\/p>\n","protected":false},"author":1,"featured_media":0,"parent":0,"menu_order":0,"comment_status":"closed","ping_status":"open","template":"","meta":{"footnotes":""},"class_list":["post-2712","page","type-page","status-publish","hentry"],"aioseo_notices":[],"_links":{"self":[{"href":"https:\/\/synergy4u.eu\/ca\/wp-json\/wp\/v2\/pages\/2712","targetHints":{"allow":["GET"]}}],"collection":[{"href":"https:\/\/synergy4u.eu\/ca\/wp-json\/wp\/v2\/pages"}],"about":[{"href":"https:\/\/synergy4u.eu\/ca\/wp-json\/wp\/v2\/types\/page"}],"author":[{"embeddable":true,"href":"https:\/\/synergy4u.eu\/ca\/wp-json\/wp\/v2\/users\/1"}],"replies":[{"embeddable":true,"href":"https:\/\/synergy4u.eu\/ca\/wp-json\/wp\/v2\/comments?post=2712"}],"version-history":[{"count":2,"href":"https:\/\/synergy4u.eu\/ca\/wp-json\/wp\/v2\/pages\/2712\/revisions"}],"predecessor-version":[{"id":2859,"href":"https:\/\/synergy4u.eu\/ca\/wp-json\/wp\/v2\/pages\/2712\/revisions\/2859"}],"wp:attachment":[{"href":"https:\/\/synergy4u.eu\/ca\/wp-json\/wp\/v2\/media?parent=2712"}],"curies":[{"name":"wp","href":"https:\/\/api.w.org\/{rel}","templated":true}]}}