{"id":2708,"date":"2023-11-20T15:35:23","date_gmt":"2023-11-20T14:35:23","guid":{"rendered":"https:\/\/synergy4u.eu\/inicio\/"},"modified":"2023-12-04T10:51:24","modified_gmt":"2023-12-04T09:51:24","slug":"inicio","status":"publish","type":"page","link":"https:\/\/synergy4u.eu\/ca\/","title":{"rendered":"Inici"},"content":{"rendered":"<section class=\"wpb-content-wrapper\"><p>[vc_row][vc_column]\n\t\t\t<!-- START Home IT Services CAT REVOLUTION SLIDER 6.6.14 --><p class=\"rs-p-wp-fix\"><\/p>\n\t\t\t<rs-module-wrap id=\"rev_slider_3_1_wrapper\" data-source=\"gallery\" style=\"visibility:hidden;background:transparent;padding:0;margin:0px auto;margin-top:0;margin-bottom:0;\">\n\t\t\t\t<rs-module id=\"rev_slider_3_1\" style=\"\" data-version=\"6.6.14\">\n\t\t\t\t\t<rs-slides style=\"overflow: hidden; position: absolute;\">\n\t\t\t\t\t\t<rs-slide style=\"position: absolute;\" data-key=\"rs-3\" data-title=\"Slide\" data-in=\"o:0;x:100%;\" data-out=\"a:false;\">\n\t\t\t\t\t\t\t<img decoding=\"async\" src=\"\/\/synergy4u.eu\/wp-content\/plugins\/revslider\/public\/assets\/assets\/dummy.png\" alt=\"\" title=\"Synergy 4u Inicio\" width=\"2560\" height=\"1435\" class=\"rev-slidebg tp-rs-img rs-lazyload\" data-lazyload=\"\/\/synergy4u.eu\/wp-content\/uploads\/2023\/11\/Synergy-4u-Inicio3-scaled.jpg\" data-no-retina>\n<!--\n\t\t\t\t\t\t\t--><rs-layer\n\t\t\t\t\t\t\t\tid=\"slider-3-slide-3-layer-1\" \n\t\t\t\t\t\t\t\tclass=\"has-line line-style-2 font-familly-inter\"\n\t\t\t\t\t\t\t\tdata-type=\"text\"\n\t\t\t\t\t\t\t\tdata-color=\"#00dadc\"\n\t\t\t\t\t\t\t\tdata-xy=\"xo:30px,25px,48px,27px;y:m;yo:-225px,-242px,-295px,-237px;\"\n\t\t\t\t\t\t\t\tdata-text=\"w:normal;s:18;l:26;fw:500;\"\n\t\t\t\t\t\t\t\tdata-rsp_bd=\"off\"\n\t\t\t\t\t\t\t\tdata-frame_0=\"y:50,42,31,19;\"\n\t\t\t\t\t\t\t\tdata-frame_1=\"st:1300;sp:1000;sR:1300;\"\n\t\t\t\t\t\t\t\tdata-frame_999=\"o:0;st:w;sR:6700;\"\n\t\t\t\t\t\t\t\tstyle=\"z-index:9;font-family:'Roboto';\"\n\t\t\t\t\t\t\t>Synergy 4u \n\t\t\t\t\t\t\t<\/rs-layer><!--\n\n\t\t\t\t\t\t\t--><rs-layer\n\t\t\t\t\t\t\t\tid=\"slider-3-slide-3-layer-2\" \n\t\t\t\t\t\t\t\tclass=\"font-familly-inter\"\n\t\t\t\t\t\t\t\tdata-type=\"text\"\n\t\t\t\t\t\t\t\tdata-rsp_ch=\"on\"\n\t\t\t\t\t\t\t\tdata-xy=\"xo:30px,25px,48px,25px;y:m;yo:-125px,-126px,-157px,-118px;\"\n\t\t\t\t\t\t\t\tdata-text=\"w:normal;s:60,60,60,48;l:70,70,70,61;fw:500;\"\n\t\t\t\t\t\t\t\tdata-frame_0=\"y:50,42,31,19;\"\n\t\t\t\t\t\t\t\tdata-frame_1=\"st:1590;sp:1000;sR:1590;\"\n\t\t\t\t\t\t\t\tdata-frame_999=\"o:0;st:w;sR:6410;\"\n\t\t\t\t\t\t\t\tstyle=\"z-index:10;font-family:'Roboto';\"\n\t\t\t\t\t\t\t>Enginyeria innovadora<br \/>\ni de qualitat \n\t\t\t\t\t\t\t<\/rs-layer><!--\n\n\t\t\t\t\t\t\t--><rs-layer\n\t\t\t\t\t\t\t\tid=\"slider-3-slide-3-layer-3\" \n\t\t\t\t\t\t\t\tclass=\"font-familly-inter\"\n\t\t\t\t\t\t\t\tdata-type=\"text\"\n\t\t\t\t\t\t\t\tdata-xy=\"xo:30px,25px,48px,27px;y:m;yo:10px,8px,24px,35px;\"\n\t\t\t\t\t\t\t\tdata-text=\"w:normal;s:18;l:27;fw:500;\"\n\t\t\t\t\t\t\t\tdata-dim=\"w:460px,460px,320px,310px;\"\n\t\t\t\t\t\t\t\tdata-rsp_bd=\"off\"\n\t\t\t\t\t\t\t\tdata-frame_0=\"y:50,42,31,19;\"\n\t\t\t\t\t\t\t\tdata-frame_1=\"st:1810;sp:1000;sR:1810;\"\n\t\t\t\t\t\t\t\tdata-frame_999=\"o:0;st:w;sR:6190;\"\n\t\t\t\t\t\t\t\tstyle=\"z-index:11;font-family:'Roboto';\"\n\t\t\t\t\t\t\t>Especialitzats en la planificaci\u00f3, gesti\u00f3 i desenvolupament de projectes en diversos sectors industrials. \n\t\t\t\t\t\t\t<\/rs-layer><!--\n\n\t\t\t\t\t\t\t--><a\n\t\t\t\t\t\t\t\tid=\"slider-3-slide-3-layer-4\" \n\t\t\t\t\t\t\t\tclass=\"rs-layer font-familly-inter rev-btn rev-btn\"\n\t\t\t\t\t\t\t\thref=\"https:\/\/synergy4u.eu\/ca\/serveis\/\" target=\"_self\"\n\t\t\t\t\t\t\t\tdata-type=\"button\"\n\t\t\t\t\t\t\t\tdata-xy=\"xo:30px,25px,48px,27px;y:m;yo:125px,146px,208px,161px;\"\n\t\t\t\t\t\t\t\tdata-text=\"w:normal;s:15;l:26;fw:500;\"\n\t\t\t\t\t\t\t\tdata-dim=\"minh:0px,none,none,none;\"\n\t\t\t\t\t\t\t\tdata-rsp_bd=\"off\"\n\t\t\t\t\t\t\t\tdata-padding=\"t:14,12,9,6;r:40,34,26,16;b:14,12,9,6;l:40,34,26,16;\"\n\t\t\t\t\t\t\t\tdata-border=\"bor:28px,28px,28px,28px;\"\n\t\t\t\t\t\t\t\tdata-frame_0=\"y:50,42,31,19;\"\n\t\t\t\t\t\t\t\tdata-frame_1=\"st:2100;sp:1000;sR:2100;\"\n\t\t\t\t\t\t\t\tdata-frame_999=\"o:0;st:w;sR:5900;\"\n\t\t\t\t\t\t\t\tdata-frame_hover=\"bgc:#0f66dc;bor:25px,25px,25px,25px;bri:120%;\"\n\t\t\t\t\t\t\t\tstyle=\"z-index:13;background-color:#0f66dc;font-family:'Roboto';\"\n\t\t\t\t\t\t\t>Coneix els nostres serveis \n\t\t\t\t\t\t\t<\/a><!--\n-->\t\t\t\t\t\t<\/rs-slide>\n\t\t\t\t\t<\/rs-slides>\n\t\t\t\t<\/rs-module>\n\t\t\t\t<script>\n\t\t\t\t\tsetREVStartSize({c: 'rev_slider_3_1',rl:[1240,1024,778,480],el:[980,960,960,720],gw:[1200,1024,778,480],gh:[980,960,960,720],type:'standard',justify:'',layout:'fullwidth',mh:\"0\"});if (window.RS_MODULES!==undefined && window.RS_MODULES.modules!==undefined && window.RS_MODULES.modules[\"revslider31\"]!==undefined) {window.RS_MODULES.modules[\"revslider31\"].once = false;window.revapi3 = undefined;if (window.RS_MODULES.checkMinimal!==undefined) window.RS_MODULES.checkMinimal()}\n\t\t\t\t<\/script>\n\t\t\t<\/rs-module-wrap>\n\t\t\t<!-- END REVOLUTION SLIDER -->\n[\/vc_column][\/vc_row][vc_row canvas=&#8221;%5B%7B%22element%22%3A%22image%22%2C%22shape%22%3A%22shape-1%22%2C%22image_effect%22%3A%22style-1%22%2C%22smoothness%22%3A%2230%22%7D%5D&#8221; css=&#8221;.vc_custom_1700492869173{margin-top: 30px !important;}&#8221;][vc_column][vc_row_inner equal_height=&#8221;yes&#8221; content_placement=&#8221;middle&#8221; column_inner_spacing=&#8221;30px&#8221;][vc_column_inner offset=&#8221;vc_col-md-6&#8243; css=&#8221;.vc_custom_1700492893421{margin-top: 50px !important;}&#8221;]<div class=\"deeper-parallax-box\"><div class=\"parallax-wrap\"><div class=\" wow fadeInLeft\"  data-wow-duration=\"0.75s\" data-wow-delay=\"0.3s\">\r\n\t\t\t\t\t\t<div class=\"deeper-parallax-item  has-width\" style=\"left:-30px;margin-top:-30px;width:64.913%;border-radius:20px;box-shadow:0 15px 35px 0 #ededed;\" data-parallax='{\"x\" : 30,\"y\" : 30, \"smoothness\" : 30}' data-top=\"-30px\"><img decoding=\"async\" class=\"parallax-image\" src=\"https:\/\/synergy4u.eu\/wp-content\/uploads\/2020\/05\/layered-image-1-1.jpg\" alt=\"image\"><\/div>\r\n\t\t\t\t\t<\/div><div class=\" wow fadeInRight\"  data-wow-duration=\"0.75s\" data-wow-delay=\"0.3s\">\r\n\t\t\t\t\t\t<div class=\"deeper-parallax-item  has-width\" style=\"left:auto;right:20px;margin-top:16.67%;width:47.3%;border-radius:20px;box-shadow:0 50px 70px 0 #ededed;\" data-parallax='{\"x\" : -30,\"y\" : -30, \"smoothness\" : 30}' data-top=\"16.67%\"><img decoding=\"async\" class=\"parallax-image\" src=\"https:\/\/synergy4u.eu\/wp-content\/uploads\/2020\/05\/layered-image-2-1.jpg\" alt=\"image\"><\/div>\r\n\t\t\t\t\t<\/div><\/div><\/div>[\/vc_column_inner][vc_column_inner offset=&#8221;vc_col-md-6&#8243;]<div class=\"deeper-spacer clearfix\" data-config='{\"desktop\":30,\"mobile\":60,\"smobile\":60}'><\/div><div class=\"deeper-text align-left  accent-color wow fadeInUp\" style=\"font-size:15px;line-height:24px;letter-spacing:0.25px;margin-bottom:15px;\"  data-wow-duration=\"0.75s\" data-wow-delay=\"0.3s\"><span>Benvinguts a Synergy 4u<\/span>\n<\/div><div class=\"deeper-special-text style-1 align-left  wow fadeInUp\" style=\"margin:0 0 45px;\"  data-wow-duration=\"0.75s\" data-wow-delay=\"0.3s\" data-inviewport=\"yes\">\r\n\t\t\t\t\t\t<div class=\"inner\">\r\n\t\t\t\t\t\t\t<h2 class=\"text \" style=\"font-size:28px;line-height:34px;padding:0 0 20px;\"><span>Enginyeria compromesa amb la qualitat i la innovaci\u00f3<\/span>\n<\/h2>\r\n\t\t\t\t\t\t\t<span class=\"line \" style=\"background-color:#4d41e2;width:80px;height:2px;\"><\/span>\r\n\t\t\t\t\t\t<\/div>\r\n\t\t\t\t\t<\/div><div class=\"deeper-text align-left  wow fadeInUp\" style=\"font-size:18px;line-height:27px;margin-bottom:60px;\"  data-wow-duration=\"0.75s\" data-wow-delay=\"0.3s\"><p style=\"text-align: justify;\">Synergy\u00a04u\u00a0va ser creada en 2013 i est\u00e0 especialitzada en la planificaci\u00f3, gesti\u00f3 i desenvolupament de projectes en diversos sectors industrials. En el sector del transport, principalment en el de l&#8217;electricitat i l&#8217;electr\u00f2nica.<\/span>\n<p style=\"text-align: justify;\">L&#8217;empresa est\u00e0 composta per un equip multidisciplinari d&#8217;enginyers electr\u00f2nics, enginyers inform\u00e0tics, dissenyadors i consultors, la v\u00e0lua i l&#8217;experi\u00e8ncia dels quals aporten als nostres clients un servei \u00f2ptim i un significatiu estalvi de costos.<\/span>\n<\/div><div class=\"url-wrap  align-left button-purple\">\r\n\t\t\t\t\t\t<a class=\"deeper-button button-accent medium wow fadeInUp\" style=\"\" href=https:\/\/synergy4u.eu\/ca\/serveis\/ title=&quot;Conocenuestrosservicios&quot;  data-wow-duration=\"0.75s\" data-wow-delay=\"0.3s\">Coneix els nostres serveis<\/a>\r\n\t\t\t\t\t<\/div>[\/vc_column_inner][\/vc_row_inner]<div class=\"deeper-spacer clearfix\" data-config='{\"desktop\":100,\"mobile\":80,\"smobile\":60}'><\/div>[\/vc_column][\/vc_row][vc_row full_width=&#8221;stretch_row&#8221; canvas=&#8221;%5B%7B%22element%22%3A%22image%22%2C%22shape%22%3A%22shape-1%22%2C%22image_effect%22%3A%22style-1%22%2C%22smoothness%22%3A%2230%22%7D%5D&#8221; css=&#8221;.vc_custom_1588833834823{background-image: url(http:\/\/ninzio.com\/sanfran\/wp-content\/uploads\/2020\/05\/bg-video.jpg?id=900) !important;background-position: center !important;background-repeat: no-repeat !important;background-size: cover !important;}&#8221;][vc_column]<div class=\"deeper-spacer clearfix\" data-config='{\"desktop\":150,\"mobile\":130,\"smobile\":110}'><\/div><h2 class=\"deeper-text align-center  text-has-width wow fadeInUp\" style=\"font-size:32px;font-weight:400;line-height:38px;max-width:1200px;color:#ffffff;\"  data-wow-duration=\"0.75s\" data-wow-delay=\"0.3s\"><p style=\"text-align: center;\"><em>El principal actiu de\u00a0Synergy\u00a04u\u00a0s\u00f3n els seus empleats, donant una especial rellev\u00e0ncia a la formaci\u00f3 continuada del seu personal, com a part d&#8217;un pla m\u00e9s extens per a gestionar i retenir el talent.<\/em><\/span>\n<\/h2><div class=\"deeper-spacer clearfix\" data-config='{\"desktop\":150,\"mobile\":130,\"smobile\":110}'><\/div>[\/vc_column][\/vc_row][vc_row full_width=&#8221;stretch_row&#8221; canvas=&#8221;%5B%7B%22element%22%3A%22image%22%2C%22shape%22%3A%22shape-1%22%2C%22image_effect%22%3A%22style-1%22%2C%22smoothness%22%3A%2230%22%7D%5D&#8221; css=&#8221;.vc_custom_1701414797205{background-color: #f3f5fb !important;}&#8221;][vc_column]<div class=\"deeper-spacer clearfix\" data-config='{\"desktop\":100,\"mobile\":50,\"smobile\":30}'><\/div><div class=\"deeper-special-text style-1 align-center \" style=\"margin:0 0 23px;\"  data-inviewport=\"yes\">\r\n\t\t\t\t\t\t<div class=\"inner\">\r\n\t\t\t\t\t\t\t<h2 class=\"text \" style=\"font-size:28px;line-height:34px;padding:0 0 20px;max-width:650px;\"><span>PRODUCTES<\/span>\n<\/h2>\r\n\t\t\t\t\t\t\t<span class=\"line  bg-accent\" style=\"width:80px;\"><\/span>\r\n\t\t\t\t\t\t<\/div>\r\n\t\t\t\t\t<\/div><div class=\"deeper-spacer clearfix\" data-config='{\"desktop\":30,\"mobile\":20,\"smobile\":10}'><\/div>[vc_row_inner][vc_column_inner width=&#8221;1\/3&#8243;][vc_single_image image=&#8221;2748&#8243; img_size=&#8221;full&#8221; alignment=&#8221;center&#8221;]<div class=\"deeper-spacer clearfix\" data-config='{\"desktop\":20,\"mobile\":10,\"smobile\":10}'><\/div><div class=\"deeper-text align-center  accent-color wow fadeInUp\" style=\"font-size:18px;line-height:24px;letter-spacing:0.25px;margin-bottom:15px;\"  data-wow-duration=\"0.75s\" data-wow-delay=\"0.3s\"><span>Aplicaci\u00f3 control d&#8217;assist\u00e8ncia<\/span>\n<\/div>[\/vc_column_inner][vc_column_inner width=&#8221;1\/3&#8243;][vc_single_image image=&#8221;2750&#8243; img_size=&#8221;full&#8221; alignment=&#8221;center&#8221;]<div class=\"deeper-spacer clearfix\" data-config='{\"desktop\":20,\"mobile\":10,\"smobile\":10}'><\/div><div class=\"deeper-text align-center  accent-color wow fadeInUp\" style=\"font-size:18px;line-height:24px;letter-spacing:0.25px;margin-bottom:15px;\"  data-wow-duration=\"0.75s\" data-wow-delay=\"0.3s\"><span>Llibre de visites per a empreses<\/span>\n<\/div>[\/vc_column_inner][vc_column_inner width=&#8221;1\/3&#8243;][vc_single_image image=&#8221;2752&#8243; img_size=&#8221;full&#8221; alignment=&#8221;center&#8221;]<div class=\"deeper-spacer clearfix\" data-config='{\"desktop\":20,\"mobile\":10,\"smobile\":10}'><\/div><div class=\"deeper-text align-center  accent-color wow fadeInUp\" style=\"font-size:18px;line-height:24px;letter-spacing:0.25px;margin-bottom:15px;\"  data-wow-duration=\"0.75s\" data-wow-delay=\"0.3s\"><span>TimeSheet<\/span>\n<\/div>[\/vc_column_inner][\/vc_row_inner][vc_row_inner][vc_column_inner]<div class=\"deeper-spacer clearfix\" data-config='{\"desktop\":30,\"mobile\":20,\"smobile\":10}'><\/div><div class=\"url-wrap  align-center\">\r\n\t\t\t\t\t\t<a class=\"deeper-button button-accent medium\" style=\"\" href=https:\/\/tienda.synergy4u.eu\/ca\/tienda\/ >Coneix els nostres productes<\/a>\r\n\t\t\t\t\t<\/div><div class=\"deeper-spacer clearfix\" data-config='{\"desktop\":70,\"mobile\":20,\"smobile\":10}'><\/div>[\/vc_column_inner][\/vc_row_inner][\/vc_column][\/vc_row][vc_row][vc_column]<div class=\"deeper-spacer clearfix\" data-config='{\"desktop\":100,\"mobile\":80,\"smobile\":60}'><\/div><div class=\"deeper-special-text style-1 align-center \" style=\"margin:0 0 23px;\"  data-inviewport=\"yes\">\r\n\t\t\t\t\t\t<div class=\"inner\">\r\n\t\t\t\t\t\t\t<h2 class=\"text \" style=\"font-size:28px;line-height:34px;padding:0 0 20px;max-width:650px;\"><span>Oferint el millor servei des de 2013<\/span>\n<\/h2>\r\n\t\t\t\t\t\t\t<span class=\"line  bg-accent\" style=\"width:80px;\"><\/span>\r\n\t\t\t\t\t\t<\/div>\r\n\t\t\t\t\t<\/div><div class=\"deeper-spacer clearfix\" data-config='{\"desktop\":30,\"mobile\":20,\"smobile\":10}'><\/div><div class=\"deeper-slick-slider clearfix style-1 sanfran-intro-box\" style=\"\" >\r\n\t\t            <div class=\"slick-container slick-content\" style=\"float:left;width:65.812%;\">\r\n\t\t            \t<div class=\"slick-slider\" data-nav-target=\"#carousel-quotes-nav\" id=\"carousel-quotes\" data-slick='{\"arrows\":false,\"dots\":false,\"infinite\":true}'>\r\n\t\t            \t\t<div class=\"slick-content-item\">\r\n\t        \t\t<div class=\"slick-nav-item\">\r\n                \t[vc_column_text]<\/p>\n<h3 class=\"title\">Filosofia<\/h3>\n<p>[\/vc_column_text]\r\n     \t    \t<\/div><div class=\"deeper-spacer clearfix\" data-config='{\"desktop\":55}'><\/div><div class=\"deeper-special-text style-1 align-left \" style=\"margin:0 0 45px;\"  data-inviewport=\"yes\">\r\n\t\t\t\t\t\t<div class=\"inner\">\r\n\t\t\t\t\t\t\t<h2 class=\"text \" style=\"font-size:28px;line-height:34px;padding:0 0 20px;\"><span>Col\u00b7loquem als nostres clients en primer terme<\/span>\n<\/h2>\r\n\t\t\t\t\t\t\t<span class=\"line  bg-accent\" style=\"width:80px;\"><\/span>\r\n\t\t\t\t\t\t<\/div>\r\n\t\t\t\t\t<\/div><div class=\"deeper-text align-left  text-has-width\" style=\"margin-bottom:55px;max-width:650px;\" ><ul>\n<li style=\"text-align: justify;\">Ens esforcem a assegurar la seva lleialtat a trav\u00e9s d&#8217;un servei de primera qualitat.<\/li>\n<li style=\"text-align: justify;\">Valorem als nostres empleats i els ajudem a aconseguir tot el seu potencial.<\/li>\n<li style=\"text-align: justify;\">Busquem la professionalitat i l&#8217;excel\u00b7l\u00e8ncia en tot el que fem.<\/li>\n<li style=\"text-align: justify;\">Actuem amb honestedat i sinceritat tant amb els nostres clients com amb els nostres prove\u00efdors.<\/li>\n<\/ul>\n<\/div>\r\n     \t    \t<\/div><div class=\"slick-content-item\">\r\n\t        \t\t<div class=\"slick-nav-item\">\r\n                \t[vc_column_text]<\/p>\n<h3 class=\"title\">Comprom\u00eds<\/h3>\n<p>[\/vc_column_text]\r\n     \t    \t<\/div><div class=\"deeper-spacer clearfix\" data-config='{\"desktop\":55}'><\/div><div class=\"deeper-special-text style-1 align-left \" style=\"margin:0 0 45px;\"  data-inviewport=\"yes\">\r\n\t\t\t\t\t\t<div class=\"inner\">\r\n\t\t\t\t\t\t\t<h2 class=\"text \" style=\"font-size:28px;line-height:34px;padding:0 0 20px;\"><span>Conciliaci\u00f3 entre vida laboral i familiar<\/span>\n<\/h2>\r\n\t\t\t\t\t\t\t<span class=\"line  bg-accent\" style=\"width:80px;\"><\/span>\r\n\t\t\t\t\t\t<\/div>\r\n\t\t\t\t\t<\/div><div class=\"deeper-text align-left  text-has-width\" style=\"margin-bottom:55px;max-width:650px;\" ><ul>\n<li style=\"text-align: justify;\">Acceptem i promovem la conciliaci\u00f3 entre la vida laboral i familiar dels nostres empleats.<\/li>\n<li style=\"text-align: justify;\">Respectem la diversitat, promovent la integraci\u00f3 i igualtat entre els nostres professionals, sense importar les seves condicions personals, f\u00edsiques o socials.<\/li>\n<li style=\"text-align: justify;\">Cuidem del medi ambient, minimitzant la generaci\u00f3 de residus i potenciant la recuperaci\u00f3, reutilitzaci\u00f3 i el reciclatge dels materials que usem.<\/li>\n<\/ul>\n<\/div>\r\n     \t    \t<\/div><div class=\"slick-content-item\">\r\n\t        \t\t<div class=\"slick-nav-item\">\r\n                \t[vc_column_text]<\/p>\n<h3 class=\"title\">Finalitat<\/h3>\n<p>[\/vc_column_text]\r\n     \t    \t<\/div><div class=\"deeper-spacer clearfix\" data-config='{\"desktop\":55}'><\/div><div class=\"deeper-special-text style-1 align-left \" style=\"margin:0 0 45px;\"  data-inviewport=\"yes\">\r\n\t\t\t\t\t\t<div class=\"inner\">\r\n\t\t\t\t\t\t\t<h2 class=\"text \" style=\"font-size:28px;line-height:34px;padding:0 0 20px;\"><span>Serveis competitius i de qualitat<\/span>\n<\/h2>\r\n\t\t\t\t\t\t\t<span class=\"line  bg-accent\" style=\"width:80px;\"><\/span>\r\n\t\t\t\t\t\t<\/div>\r\n\t\t\t\t\t<\/div><div class=\"deeper-text align-left  text-has-width\" style=\"margin-bottom:55px;max-width:650px;\" ><p style=\"text-align: justify;\">La nostra finalitat \u00e9s oferir uns serveis competitius i d&#8217;alta qualitat, sempre personalitzats i orientats a les caracter\u00edstiques dels nostres clients.<\/span>\n<\/div>\r\n     \t    \t<\/div>\r\n\t\t            \t<\/div>\r\n\t\t            <\/div> \r\n\r\n\t\t            <div class=\"slick-container slick-nav\" style=\"float:right;width:28.633%;\">\r\n\t\t            \t<div class=\"slick-slider-nav\" id=\"carousel-quotes-nav\" data-nav-target=\"#carousel-quotes\" data-slick='{\"vertical\":true,\"verticalSwiping\":true,\"centerMode\":false,\"infinite\":true,\"focusOnSelect\":true,\"centerPadding\":0,\"slidesToShow\":3,\"slidesToScroll\":1,\"arrows\":false,\"responsive\":[{\"breakpoint\":1100,\"settings\":{\"slidesToShow\":2,\"slidesToScroll\":2,\"centerMode\":false}},{\"breakpoint\":920,\"settings\":{\"slidesToShow\":2,\"slidesToScroll\":2,\"centerMode\":false,\"vertical\":false,\"verticalSwiping\":false}},{\"breakpoint\":767,\"settings\":{\"slidesToShow\":1,\"slidesToScroll\":1,\"centerMode\":true,\"vertical\":false,\"verticalSwiping\":false}}]}'>\r\n\t\t\t\t\t\t<\/div>\r\n\t\t            <\/div>               \t\t\t\r\n\t\t    \t<\/div><div class=\"deeper-spacer clearfix\" data-config='{\"desktop\":70,\"mobile\":50,\"smobile\":30}'><\/div>[\/vc_column][\/vc_row]<\/p>\n<\/section>","protected":false},"excerpt":{"rendered":"<p>[vc_row][vc_column][\/vc_column][\/vc_row][vc_row canvas=&#8221;%5B%7B%22element%22%3A%22image%22%2C%22shape%22%3A%22shape-1%22%2C%22image_effect%22%3A%22style-1%22%2C%22smoothness%22%3A%2230%22%7D%5D&#8221; css=&#8221;.vc_custom_1700492869173{margin-top: 30px !important;}&#8221;][vc_column][vc_row_inner equal_height=&#8221;yes&#8221; content_placement=&#8221;middle&#8221; column_inner_spacing=&#8221;30px&#8221;][vc_column_inner offset=&#8221;vc_col-md-6&#8243; css=&#8221;.vc_custom_1700492893421{margin-top: 50px !important;}&#8221;][\/vc_column_inner][vc_column_inner offset=&#8221;vc_col-md-6&#8243;][\/vc_column_inner][\/vc_row_inner][\/vc_column][\/vc_row][vc_row full_width=&#8221;stretch_row&#8221; canvas=&#8221;%5B%7B%22element%22%3A%22image%22%2C%22shape%22%3A%22shape-1%22%2C%22image_effect%22%3A%22style-1%22%2C%22smoothness%22%3A%2230%22%7D%5D&#8221; css=&#8221;.vc_custom_1588833834823{background-image: url(http:\/\/ninzio.com\/sanfran\/wp-content\/uploads\/2020\/05\/bg-video.jpg?id=900) !important;background-position: center !important;background-repeat: no-repeat !important;background-size: cover !important;}&#8221;][vc_column][\/vc_column][\/vc_row][vc_row full_width=&#8221;stretch_row&#8221; canvas=&#8221;%5B%7B%22element%22%3A%22image%22%2C%22shape%22%3A%22shape-1%22%2C%22image_effect%22%3A%22style-1%22%2C%22smoothness%22%3A%2230%22%7D%5D&#8221; css=&#8221;.vc_custom_1701414797205{background-color: #f3f5fb !important;}&#8221;][vc_column][vc_row_inner][vc_column_inner width=&#8221;1\/3&#8243;][vc_single_image image=&#8221;2748&#8243; img_size=&#8221;full&#8221; alignment=&#8221;center&#8221;][\/vc_column_inner][vc_column_inner width=&#8221;1\/3&#8243;][vc_single_image image=&#8221;2750&#8243; img_size=&#8221;full&#8221; alignment=&#8221;center&#8221;][\/vc_column_inner][vc_column_inner width=&#8221;1\/3&#8243;][vc_single_image image=&#8221;2752&#8243; img_size=&#8221;full&#8221; alignment=&#8221;center&#8221;][\/vc_column_inner][\/vc_row_inner][vc_row_inner][vc_column_inner][\/vc_column_inner][\/vc_row_inner][\/vc_column][\/vc_row][vc_row][vc_column][\/vc_column][\/vc_row]<\/p>\n","protected":false},"author":1,"featured_media":0,"parent":0,"menu_order":0,"comment_status":"closed","ping_status":"closed","template":"","meta":{"footnotes":""},"class_list":["post-2708","page","type-page","status-publish","hentry"],"aioseo_notices":[],"_links":{"self":[{"href":"https:\/\/synergy4u.eu\/ca\/wp-json\/wp\/v2\/pages\/2708","targetHints":{"allow":["GET"]}}],"collection":[{"href":"https:\/\/synergy4u.eu\/ca\/wp-json\/wp\/v2\/pages"}],"about":[{"href":"https:\/\/synergy4u.eu\/ca\/wp-json\/wp\/v2\/types\/page"}],"author":[{"embeddable":true,"href":"https:\/\/synergy4u.eu\/ca\/wp-json\/wp\/v2\/users\/1"}],"replies":[{"embeddable":true,"href":"https:\/\/synergy4u.eu\/ca\/wp-json\/wp\/v2\/comments?post=2708"}],"version-history":[{"count":8,"href":"https:\/\/synergy4u.eu\/ca\/wp-json\/wp\/v2\/pages\/2708\/revisions"}],"predecessor-version":[{"id":2863,"href":"https:\/\/synergy4u.eu\/ca\/wp-json\/wp\/v2\/pages\/2708\/revisions\/2863"}],"wp:attachment":[{"href":"https:\/\/synergy4u.eu\/ca\/wp-json\/wp\/v2\/media?parent=2708"}],"curies":[{"name":"wp","href":"https:\/\/api.w.org\/{rel}","templated":true}]}}