{"id":2702,"date":"2023-11-22T09:53:01","date_gmt":"2023-11-22T08:53:01","guid":{"rendered":"https:\/\/synergy4u.eu\/aviso-legal\/"},"modified":"2023-12-02T07:38:20","modified_gmt":"2023-12-02T06:38:20","slug":"avis-legal","status":"publish","type":"page","link":"https:\/\/synergy4u.eu\/ca\/avis-legal\/","title":{"rendered":"Avis Legal"},"content":{"rendered":"\r\n<p style=\"text-align: justify;\">En compliment amb el que s&#8217;estableix en l&#8217;article 10 de la Llei 34\/2002 d&#8217;11 de Juliol, de Serveis de la Societat de la Informaci\u00f3 i el Comer\u00e7 Electr\u00f2nic (LSSICE), s&#8217;informa dels seg\u00fcents aspectes legals:<\/p>\r\n<p style=\"text-align: justify;\">\u00a0<\/p>\r\n<p style=\"text-align: justify;\"><strong>Propietat del lloc web<\/strong><\/p>\r\n<p style=\"text-align: justify;\">Titular: Synergy 4u S.L.<\/p>\r\n<p style=\"text-align: justify;\">CIF: B65905341<\/p>\r\n<p style=\"text-align: justify;\">Tel\u00e8fon: 93 899 01 28<\/p>\r\n<p style=\"text-align: justify;\">Direcci\u00f3: Barri Can Natura, \u201cCal Sisplau\u201d, 08731 Sant Mart\u00ed Sarroca<\/p>\r\n<p style=\"text-align: justify;\">Contacte: info@synergy4u.eu<\/p>\r\n<p style=\"text-align: justify;\"><u>Titular<\/u><\/p>\r\n<p style=\"text-align: justify;\">\u201cSynergy4u\u201d, com a titular i responsable del present lloc web, posa a la disposici\u00f3 dels usuaris el present document per a donar compliment a les obligacions de la Llei 34\/2002, de Serveis de la Societat de la Informaci\u00f3 i del Comer\u00e7 Electr\u00f2nic.<\/p>\r\n<p style=\"text-align: justify;\"><u>Objecte<\/u><\/p>\r\n<p style=\"text-align: justify;\">La p\u00e0gina web de \u201cSynergy4u\u201d\u00a0t\u00e9 com a objecte facilitar al p\u00fablic informaci\u00f3 sobre els seus serveis d&#8217;enginyeria.<\/p>\r\n<p style=\"text-align: justify;\"><u>Continguts<\/u><\/p>\r\n<p style=\"text-align: justify;\">A fi de mantenir actualitzada la informaci\u00f3 publicada en el portal web, els continguts d&#8217;aquest podran ser modificats, corregits, eliminats o afegits en qualsevol moment, per la qual cosa ser\u00e0 convenient comprovar la vig\u00e8ncia o exactitud d&#8217;aquests acudint sempre als textos de la p\u00e0gina web.<br \/><br \/>El titular del lloc web es reserva la facultat d&#8217;efectuar, en qualsevol moment i sense necessitat de previ av\u00eds, modificacions i actualitzacions de la informaci\u00f3 continguda en el seu web o en la configuraci\u00f3 i presentaci\u00f3 d&#8217;aquesta.<\/p>\r\n<p style=\"text-align: justify;\"><u>Acceptaci\u00f3<\/u><\/p>\r\n<p style=\"text-align: justify;\">L&#8217;\u00fas de qualsevol de les funcionalitats del lloc web implica l&#8217;expressa i plena acceptaci\u00f3 de les condicions aqu\u00ed exposades, sense perjudici d&#8217;aquelles particulars que poguessin aplicar-se a alguns dels serveis concrets oferts a trav\u00e9s del lloc web.<\/p>\r\n<p style=\"text-align: justify;\"><strong>Acc\u00e9s a la p\u00e0gina web<\/strong><\/p>\r\n<p style=\"text-align: justify;\">Com s&#8217;ha detallat anteriorment, l&#8217;acc\u00e9s a la web de \u201cSynergy4u\u201d\u00a0\u00e9s responsabilitat exclusiva dels usuaris i suposa acceptar i con\u00e8ixer l&#8217;av\u00eds legal, la pol\u00edtica de cookies i la pol\u00edtica de privacitat, aix\u00ed com els termes i condicions d&#8217;\u00fas.<\/p>\r\n<p style=\"text-align: justify;\"><u>Acc\u00e9s gratu\u00eft<\/u><\/p>\r\n<p style=\"text-align: justify;\">L&#8217;acc\u00e9s a la p\u00e0gina web per als usuaris t\u00e9 car\u00e0cter gratu\u00eft, tret que es refereixi al cost de la connexi\u00f3 a Internet subministrada pel Prove\u00efdor d&#8217;Acc\u00e9s a Internet (ISP)\u00a0contractat pel seu compte.<\/p>\r\n<p style=\"text-align: justify;\"><strong>Condicions generals d&#8217;\u00fas<\/strong><\/p>\r\n<p style=\"text-align: justify;\">La utilitzaci\u00f3 de la p\u00e0gina web de \u201cSynergy4u\u201d\u00a0per qualsevol persona atribueix la condici\u00f3 d&#8217;Usuari. L&#8217;usuari es compromet a fer un \u00fas conforme al present Av\u00eds Legal i a no utilitzar la informaci\u00f3, activitats i serveis que el \u201cSynergy4u\u201d\u00a0posa a la seva disposici\u00f3 per a desenvolupar activitats contr\u00e0ries a les lleis.<\/p>\r\n<p style=\"text-align: justify;\"><u>Continguts<\/u><\/p>\r\n<p style=\"text-align: justify;\">Els continguts de la p\u00e0gina web del \u201cSynergy4u\u201d\u00a0s\u00f3n posats a la disposici\u00f3 de l&#8217;usuari com a informaci\u00f3 pr\u00f2pia i de tercers, per la qual cosa el \u201cSynergy4u\u201d\u00a0posar\u00e0 els mitjans raonables a la seva disposici\u00f3 perqu\u00e8 aquests continguts siguin sempre exactes i actualitzats.<\/p>\r\n<p style=\"text-align: justify;\"><u>Serveis interactius<\/u><\/p>\r\n<p style=\"text-align: justify;\">Quant a l&#8217;\u00fas dels serveis interactius que permetin la divulgaci\u00f3 de continguts per part de l&#8217;usuari a trav\u00e9s de la p\u00e0gina web del \u201cSynergy4u\u201d, si en algun moment n&#8217;hi hagu\u00e9s,\u00a0ser\u00e0 conforme a la llei i el present av\u00eds legal. \u201cSynergy4u\u201d\u00a0no es fa responsable de la informaci\u00f3 i continguts emmagatzemats, a t\u00edtol enunciatiu, per\u00f2 no limitatiu, en f\u00f2rums, xats, generadors de blogs, comentaris, xarxes socials o qualsevol altre mitj\u00e0 que permeti a tercers publicar continguts de manera independent en la p\u00e0gina web del prestador. No obstant aix\u00f2, i en compliment del que es disposa en l&#8217;art. 11 i 16 de la\u00a0LSSICE, el prestador es posa a la disposici\u00f3 de tots els usuaris, Autoritats i Forces de seguretat, i col\u00b7laborant de manera activa en la retirada o si \u00e9s el cas bloqueig de tots aquells continguts que poguessin afectar o contravenir la legislaci\u00f3 nacional, o internacional, drets de tercers o la moral i l&#8217;ordre p\u00fablic.<\/p>\r\n<p style=\"text-align: justify;\"><u>Informaci\u00f3 vera\u00e7<\/u><\/p>\r\n<p style=\"text-align: justify;\">En cas de comunicar-se amb\u00a0\u201cSynergy4u\u201d, l&#8217;usuari haur\u00e0 de facilitar informaci\u00f3 vera\u00e7, per la qual cosa l&#8217;usuari garantir\u00e0 sempre l&#8217;autenticitat de les dades comunicades. Ser\u00e0 responsabilitat de l&#8217;usuari mantenir tota la informaci\u00f3 facilitada actualitzada.<\/p>\r\n<p style=\"text-align: justify;\"><u>Usuaris menors d&#8217;edat<\/u><\/p>\r\n<p style=\"text-align: justify;\">Els usuaris menors d&#8217;edat han d&#8217;obtenir sempre pr\u00e8viament el consentiment dels pares, tutors o representants legals, per a l&#8217;\u00fas dels serveis. La responsabilitat en la determinaci\u00f3 dels continguts als quals accedeix un menor \u00e9s responsabilitat dels pares, tutors o representants legals. Per a evitar l&#8217;acc\u00e9s a contingut no apropiat per internet es recomana l&#8217;\u00fas de programes o filtres que limitin el contingut disponible.<\/p>\r\n<p style=\"text-align: justify;\"><u>\u00das correcte de la p\u00e0gina web<\/u><\/p>\r\n<p style=\"text-align: justify;\">L&#8217;Usuari es compromet a la correcta utilitzaci\u00f3 de la web i utilitats que se li proporcionin conforme a la llei, el present Av\u00eds Legal i les instruccions i avisos que se li comuniquin. L&#8217;Usuari s&#8217;obliga a l&#8217;\u00fas exclusiu de la web i tots els seus continguts, per a fins l\u00edcits i no prohibits, que no infringeixin la legalitat vigent i\/o puguin resultar lesius dels drets leg\u00edtims de \u201cSynergy4u\u201d, i\/o que puguin causar qualsevol mal o perjudici de manera directa o indirecta.<\/p>\r\n<p style=\"text-align: justify;\"><strong>Propietat intel\u00b7lectual, industrial<\/strong><\/p>\r\n<p style=\"text-align: justify;\">Tots els elements que formen el lloc web, aix\u00ed com la seva estructura, disseny, fotografies, icones, gr\u00e0fics, imatges, codi font, logotips, marques i altres signes distintius que apareixen en aquesta, s\u00f3n propietat intel\u00b7lectual de \u201cSynergy4u\u201d\u00a0o si \u00e9s el cas de tercers, tret que s&#8217;especifiqui el contrari, i estan protegits pels corresponents drets de propietat intel\u00b7lectual i industrial. L&#8217;usuari no podr\u00e0 utilitzar la marca gr\u00e0fica o qualsevol altre signe distintiu de \u201cSynergy4u\u201d\u00a0dins de la seva p\u00e0gina web excepte en els casos expressament autoritzats per \u201cSynergy4u\u201d. Aquestes autoritzacions es demanaran per escrit a \u201cSynergy4u\u201d.\u00a0Per tot aix\u00f2 l&#8217;usuari que accedeixi a la p\u00e0gina web haur\u00e0 de respectar en tot moment tots els drets de propietat intel\u00b7lectual i industrial de la p\u00e0gina web titularitat de \u201cSynergy4u\u201d\u00a0o de tercers.<\/p>\r\n<p style=\"text-align: justify;\">La reproducci\u00f3 total o parcial, \u00fas, distribuci\u00f3 i comunicaci\u00f3 p\u00fablica, requereix de l&#8217;autoritzaci\u00f3 escrita pr\u00e8via per part de \u201cSynergy4u\u201d. Qualsevol \u00fas no autoritzat pr\u00e8viament per part de \u201cSynergy4u\u201d\u00a0ser\u00e0 considerat un incompliment greu dels drets de propietat intel\u00b7lectual o industrial.<\/p>\r\n<p style=\"text-align: justify;\">Igualment estan protegits pels corresponents drets de propietat intel\u00b7lectual i industrial les imatges i altres elements gr\u00e0fics continguts en el lloc web. L&#8217;\u00fas, reproducci\u00f3, distribuci\u00f3, comunicaci\u00f3 p\u00fablica, transformaci\u00f3 o qualsevol altra activitat similar o an\u00e0loga, queda totalment prohibida tret que medi\u00ef pr\u00e8via i expressa autoritzaci\u00f3 del titular.<\/p>\r\n<p style=\"text-align: justify;\">Respecte a les cites de productes i\/o serveis de tercers, el titular del lloc web reconeix a favor dels seus titulars els corresponents drets de propietat industrial i intel\u00b7lectual no implicant el seu sol esment o aparici\u00f3 en la web l&#8217;exist\u00e8ncia de drets ni de cap responsabilitat sobre aquests, com tampoc patrocini o recomanaci\u00f3.<\/p>\r\n<p style=\"text-align: justify;\"><u>Enlla\u00e7os de tercers a la p\u00e0gina de \u201cSynergy4u\u201d<\/u><\/p>\r\n<p style=\"text-align: justify;\">Si un usuari vol introduir un enlla\u00e7 des de la seva p\u00e0gina web a la p\u00e0gina web de \u201cSynergy4u\u201d\u00a0haur\u00e0 d&#8217;obtenir autoritzaci\u00f3 de \u201cSynergy4u\u201d.<\/p>\r\n<p style=\"text-align: justify;\">El titular del lloc web declara el seu respecte als drets de propietat intel\u00b7lectual i industrial de tercers; per aix\u00f2, si considera que en el nostre lloc web es poguessin estar violant els seus drets, preguem que es posi en contacte amb el titular de la p\u00e0gina web:\u00a0info@synergy4u.eu<\/p>\r\n<p style=\"text-align: justify;\"><strong>Exclusi\u00f3 de garanties i responsabilitat<\/strong><\/p>\r\n<p style=\"text-align: justify;\">L&#8217;Usuari respondr\u00e0 pels danys i perjudicis de tota naturalesa que el \u201cSynergy4u\u201d\u00a0pugui sofrir a conseq\u00fc\u00e8ncia de l&#8217;incompliment de qualsevol de les obligacions a les quals queda sotm\u00e8s per aquest Av\u00eds Legal.<\/p>\r\n<p style=\"text-align: justify;\"><strong>Protecci\u00f3 de dades<\/strong><\/p>\r\n<p style=\"text-align: justify;\">Per a aquells casos que es recaptin, tractin o emmagatzemin dades personals es far\u00e0 de conformitat amb la Pol\u00edtica de Privacitat publicada en la p\u00e0gina web i que pot consultar al peu d&#8217;aquesta mateixa.<\/p>\r\n<p style=\"text-align: justify;\"><strong>Pol\u00edtica de cookies<\/strong><\/p>\r\n<p style=\"text-align: justify;\">En el text legal de la pol\u00edtica de cookies es troba detallat l&#8217;\u00fas dels cookies i pot consultar-lo al peu d&#8217;aquesta p\u00e0gina web.<\/p>\r\n<p style=\"text-align: justify;\"><strong>Acc\u00e9s a la p\u00e0gina web<\/strong><\/p>\r\n<p style=\"text-align: justify;\">\u201cSynergy4u\u201d\u00a0no es responsabilitza dels danys i perjudicis de qualsevol tipus produ\u00efts en l&#8217;usuari a conseq\u00fc\u00e8ncia de fallades en les xarxes de telecomunicacions que produeixin la suspensi\u00f3, cancel\u00b7laci\u00f3 o interrupci\u00f3 del servei de la p\u00e0gina web durant la prestaci\u00f3 d&#8217;aquest o amb car\u00e0cter previ.<\/p>\r\n<p style=\"text-align: justify;\"><strong>Qualitat del servei i dels continguts<\/strong><\/p>\r\n<p style=\"text-align: justify;\">El titular del lloc web no garanteix la inexist\u00e8ncia d&#8217;errors en l&#8217;acc\u00e9s a la web, en el seu contingut, ni que aquest es trobi actualitzat, encara que el titular del lloc web desenvolupar\u00e0 els seus millors esfor\u00e7os per a, si \u00e9s el cas, evitar-los, esmenar-los o actualitzar-los. En cas que l&#8217;usuari consideri que existeix algun contingut que pogu\u00e9s ser susceptible d&#8217;aquesta classificaci\u00f3, preguem que es posi en contacte amb el titular del lloc web.<\/p>\r\n<p style=\"text-align: justify;\">Tant l&#8217;acc\u00e9s al lloc web, com l&#8217;\u00fas que es pugui fer de la informaci\u00f3 continguda en aquests, \u00e9s d&#8217;exclusiva responsabilitat de qui el realitza.<br \/><br \/>\u201cSynergy4u\u201d\u00a0intentar\u00e0 garantir sempre el correcte funcionament de la p\u00e0gina web les 24 hores al dia, els 365 dies de l&#8217;any, encara que no es pot descartar la possibilitat que existeixin determinades causes de for\u00e7a major, cat\u00e0strofes naturals, vagues, o qualsevol altra circumst\u00e0ncia semblant que facin impossible l&#8217;acc\u00e9s a la p\u00e0gina web. Per tot aix\u00f2, \u201cSynergy4u\u201d\u00a0no es fa responsable dels danys i perjudicis de qualsevol naturalesa que poguessin ocasionar-se a conseq\u00fc\u00e8ncia de la falta de disponibilitat, manteniment i efectiu funcionament de la web o dels seus serveis i continguts. \u201cSynergy4u\u201d\u00a0no es fa responsable de l&#8217;exist\u00e8ncia de virus, programes maliciosos o lesius dels continguts, de l&#8217;\u00fas il\u00b7l\u00edcit, negligent, fraudulent o contrari a aquest Av\u00eds legal, o de la falta de licitud, qualitat, fiabilitat, utilitat i disponibilitat dels serveis prestats per tercers a la disposici\u00f3 dels usuaris del lloc web.<br \/><br \/>\u201cSynergy4u\u201d\u00a0es reserva el dret a interrompre en cas que ho estimi necessari l&#8217;acc\u00e9s a la seva p\u00e0gina web en qualsevol moment i sense previ av\u00eds, ja sigui per motius de seguretat, de control, de manteniment, per errors de subministrament el\u00e8ctric o per qualsevol altra causa. En resum, \u201cSynergy4u\u201d\u00a0en cap cas es responsabilitza de les conseq\u00fc\u00e8ncies d&#8217;eventuals interrupcions, ja que no pot garantir la fiabilitat, la disponibilitat ni la continu\u00eftat de la seva p\u00e0gina web.<br \/><br \/>En compliment del que es disposa en la Llei de serveis de la societat de la informaci\u00f3 i de comer\u00e7 electr\u00f2nic, el titular del lloc web es posa a la disposici\u00f3 de tots els usuaris, autoritats i forces de seguretat col\u00b7laborant de manera activa en la retirada o, si \u00e9s el cas, en el bloqueig de tots aquells continguts que poguessin afectar o contravenir la legislaci\u00f3 nacional o internacional, drets de tercers o la moral i l&#8217;ordre p\u00fablic.<\/p>\r\n<p style=\"text-align: justify;\"><u>Enlla\u00e7os de tercers<\/u><\/p>\r\n<p style=\"text-align: justify;\">Els enlla\u00e7os continguts en el nostre lloc web poden tamb\u00e9 dirigir a continguts web de tercers. En aquests casos \u201cSynergy4u\u201d\u00a0actua com a prestador de serveis d&#8217;intermediaci\u00f3 de conformitat amb l&#8217;article 17 de la Llei 34\/2002 i nom\u00e9s ser\u00e0 responsable dels continguts i serveis subministrats en les p\u00e0gines web de tercers en la mesura que tingui coneixement efectiu de la il\u00b7licitud i no actu\u00ef amb dilig\u00e8ncia per a suprimir o inutilitzar l&#8217;enlla\u00e7.<br \/><br \/>L&#8217;objectiu d&#8217;aquests enlla\u00e7os \u00e9s \u00fanicament facilitar-li la cerca dels recursos que li puguin interessar a trav\u00e9s d&#8217;Internet. No obstant aix\u00f2, aquestes p\u00e0gines no pertanyen a \u201cSynergy4u\u201d, ni fa una revisi\u00f3 dels seus continguts i, per aix\u00f2, el titular \u201cSynergy4u\u201d\u00a0no assumeix cap responsabilitat pel contingut, informacions o serveis que poguessin apar\u00e8ixer en aquests llocs. En el sup\u00f2sit que l&#8217;usuari consideri que existeix un enlla\u00e7 amb contingut il\u00b7l\u00edcit podr\u00e0 comunicar-lo a \u201cSynergy4u\u201d\u00a0a\u00a0info@synergy4u.eu sense que en cap cas aquesta comunicaci\u00f3 comporti l&#8217;obligaci\u00f3 de retirar el corresponent enlla\u00e7.<br \/><br \/>El titular del lloc web tampoc pot fer-se responsable del funcionament de la p\u00e0gina enlla\u00e7ada o dels possibles danys que puguin derivar-se de l&#8217;acc\u00e9s o \u00fas d&#8217;aquesta.<br \/><br \/>L&#8217;establiment de l&#8217;enlla\u00e7 amb una altra p\u00e0gina web no suposar\u00e0 cap mena d&#8217;acord, contracte, patrocini ni recomanaci\u00f3 per part de \u201cSynergy4u\u201d.<br \/><br \/>\u201cSynergy4u\u201d\u00a0no es responsabilitza de cap mode ni garanteix la claredat, exactitud, fiabilitat, correcci\u00f3 o moralitat de continguts o serveis que l&#8217;establiment de l&#8217;enlla\u00e7 amb una altra p\u00e0gina web pugui oferir. L&#8217;usuari assumeix sota la seva exclusiva responsabilitat les conseq\u00fc\u00e8ncies, danys o accions que poguessin derivar-se de l&#8217;acc\u00e9s a la p\u00e0gina de l&#8217;enlla\u00e7.<br \/><br \/><strong>Llei Aplicable i jurisdicci\u00f3<\/strong><br \/><br \/>La llei aplicable en cas de disputa o conflicte d&#8217;interpretaci\u00f3 dels termes que conformen aquest Av\u00eds Legal, aix\u00ed com qualsevol q\u00fcesti\u00f3 relacionada amb els serveis de la web de \u201cSynergy4u\u201d, ser\u00e0 la llei espanyola.<br \/><br \/>Per a la resoluci\u00f3 de qualsevol conflicte que pugui sorgir de l&#8217;acc\u00e9s a la p\u00e0gina web, l&#8217;usuari i \u201cSynergy4u\u201d\u00a0en els casos en qu\u00e8 la normativa prevegi la possibilitat de sotmetre&#8217;s a un fur, acorden sotmetre&#8217;s als Jutges i Tribunals de la ciutat de Barcelona, amb ren\u00fancia a qualsevol altre fur general o especial que els pogu\u00e9s correspondre.<\/p>\r\n","protected":false},"excerpt":{"rendered":"<p>En compliment amb el que s&#8217;estableix en l&#8217;article 10 de la Llei 34\/2002 d&#8217;11 de Juliol, de Serveis de la Societat de la Informaci\u00f3 i el Comer\u00e7 Electr\u00f2nic (LSSICE), s&#8217;informa dels seg\u00fcents aspectes legals: \u00a0 Propietat del lloc web Titular: Synergy 4u S.L. CIF: B65905341 Tel\u00e8fon: 93 899 01 28 Direcci\u00f3: Barri Can Natura, \u201cCal Sisplau\u201d, 08731 Sant Mart\u00ed Sarroca Contacte:<\/p>\n","protected":false},"author":1,"featured_media":0,"parent":0,"menu_order":0,"comment_status":"closed","ping_status":"open","template":"","meta":{"footnotes":""},"class_list":["post-2702","page","type-page","status-publish","hentry"],"aioseo_notices":[],"_links":{"self":[{"href":"https:\/\/synergy4u.eu\/ca\/wp-json\/wp\/v2\/pages\/2702","targetHints":{"allow":["GET"]}}],"collection":[{"href":"https:\/\/synergy4u.eu\/ca\/wp-json\/wp\/v2\/pages"}],"about":[{"href":"https:\/\/synergy4u.eu\/ca\/wp-json\/wp\/v2\/types\/page"}],"author":[{"embeddable":true,"href":"https:\/\/synergy4u.eu\/ca\/wp-json\/wp\/v2\/users\/1"}],"replies":[{"embeddable":true,"href":"https:\/\/synergy4u.eu\/ca\/wp-json\/wp\/v2\/comments?post=2702"}],"version-history":[{"count":3,"href":"https:\/\/synergy4u.eu\/ca\/wp-json\/wp\/v2\/pages\/2702\/revisions"}],"predecessor-version":[{"id":2853,"href":"https:\/\/synergy4u.eu\/ca\/wp-json\/wp\/v2\/pages\/2702\/revisions\/2853"}],"wp:attachment":[{"href":"https:\/\/synergy4u.eu\/ca\/wp-json\/wp\/v2\/media?parent=2702"}],"curies":[{"name":"wp","href":"https:\/\/api.w.org\/{rel}","templated":true}]}}